{"id":12419,"date":"2022-10-19T11:56:14","date_gmt":"2022-10-19T14:56:14","guid":{"rendered":"https:\/\/vilamarina.net\/hospedagem-idosos\/clinica-geriatrica-copy\/"},"modified":"2024-11-28T20:22:33","modified_gmt":"2024-11-28T23:22:33","slug":"day-care","status":"publish","type":"page","link":"https:\/\/vilamarina.net\/hospedagem-idosos\/day-care\/","title":{"rendered":"Day Care"},"content":{"rendered":"\t\t<div data-elementor-type=\"wp-page\" data-elementor-id=\"12419\" class=\"elementor elementor-12419\" data-elementor-post-type=\"page\">\n\t\t\t\t\t\t<section class=\"elementor-section elementor-top-section elementor-element elementor-element-ad68e13 elementor-section-boxed elementor-section-height-default elementor-section-height-default\" data-id=\"ad68e13\" data-element_type=\"section\" data-e-type=\"section\">\n\t\t\t\t\t\t<div class=\"elementor-container elementor-column-gap-default\">\n\t\t\t\t\t<div class=\"elementor-column elementor-col-100 elementor-top-column elementor-element elementor-element-42757cf6\" data-id=\"42757cf6\" data-element_type=\"column\" data-e-type=\"column\">\n\t\t\t<div class=\"elementor-widget-wrap\">\n\t\t\t\t\t\t\t<\/div>\n\t\t<\/div>\n\t\t\t\t\t<\/div>\n\t\t<\/section>\n\t\t\t\t<section class=\"elementor-section elementor-top-section elementor-element elementor-element-3f8d7d55 elementor-section-boxed elementor-section-height-default elementor-section-height-default\" data-id=\"3f8d7d55\" data-element_type=\"section\" data-e-type=\"section\" data-settings=\"{&quot;background_background&quot;:&quot;classic&quot;}\">\n\t\t\t\t\t\t\t<div class=\"elementor-background-overlay\"><\/div>\n\t\t\t\t\t\t\t<div class=\"elementor-container elementor-column-gap-no\">\n\t\t\t\t\t<div class=\"elementor-column elementor-col-100 elementor-top-column elementor-element elementor-element-5b236fe\" data-id=\"5b236fe\" data-element_type=\"column\" data-e-type=\"column\">\n\t\t\t<div class=\"elementor-widget-wrap elementor-element-populated\">\n\t\t\t\t\t\t<section class=\"elementor-section elementor-inner-section elementor-element elementor-element-33d125cc animated-slow elementor-section-boxed elementor-section-height-default elementor-section-height-default elementor-invisible\" data-id=\"33d125cc\" data-element_type=\"section\" data-e-type=\"section\" data-settings=\"{&quot;animation&quot;:&quot;fadeIn&quot;}\">\n\t\t\t\t\t\t<div class=\"elementor-container elementor-column-gap-no\">\n\t\t\t\t\t<div class=\"elementor-column elementor-col-100 elementor-inner-column elementor-element elementor-element-2be38a69\" data-id=\"2be38a69\" data-element_type=\"column\" data-e-type=\"column\">\n\t\t\t<div class=\"elementor-widget-wrap elementor-element-populated\">\n\t\t\t\t\t\t<div class=\"elementor-element elementor-element-4464fb5 elementor-widget elementor-widget-heading\" data-id=\"4464fb5\" data-element_type=\"widget\" data-e-type=\"widget\" data-widget_type=\"heading.default\">\n\t\t\t\t\t<h1 class=\"elementor-heading-title elementor-size-default\">Voc\u00ea bem cuidado dia a dia!<\/h1>\t\t\t\t<\/div>\n\t\t\t\t<div class=\"elementor-element elementor-element-4752cc1 elementor-widget elementor-widget-heading\" data-id=\"4752cc1\" data-element_type=\"widget\" data-e-type=\"widget\" data-widget_type=\"heading.default\">\n\t\t\t\t\t<h2 class=\"elementor-heading-title elementor-size-default\">Para estadias curtas do seu ente mais querido.\n<\/h2>\t\t\t\t<\/div>\n\t\t\t\t<div class=\"elementor-element elementor-element-1ba954d7 elementor-align-center elementor-widget elementor-widget-button\" data-id=\"1ba954d7\" data-element_type=\"widget\" data-e-type=\"widget\" data-widget_type=\"button.default\">\n\t\t\t\t\t\t\t\t\t\t<a class=\"elementor-button elementor-button-link elementor-size-md elementor-animation-sink\" href=\"https:\/\/api.whatsapp.com\/send?phone=5521979382023\">\n\t\t\t\t\t\t<span class=\"elementor-button-content-wrapper\">\n\t\t\t\t\t\t\t\t\t<span class=\"elementor-button-text\">Agende agora uma estadia com a Vila Marina<\/span>\n\t\t\t\t\t<\/span>\n\t\t\t\t\t<\/a>\n\t\t\t\t\t\t\t\t<\/div>\n\t\t\t\t\t<\/div>\n\t\t<\/div>\n\t\t\t\t\t<\/div>\n\t\t<\/section>\n\t\t\t\t\t<\/div>\n\t\t<\/div>\n\t\t\t\t\t<\/div>\n\t\t<\/section>\n\t\t\t\t<section class=\"elementor-section elementor-top-section elementor-element elementor-element-59faffa5 elementor-reverse-mobile elementor-reverse-tablet elementor-section-boxed elementor-section-height-default elementor-section-height-default\" data-id=\"59faffa5\" data-element_type=\"section\" data-e-type=\"section\" data-settings=\"{&quot;background_background&quot;:&quot;classic&quot;}\">\n\t\t\t\t\t\t\t<div class=\"elementor-background-overlay\"><\/div>\n\t\t\t\t\t\t\t<div class=\"elementor-container elementor-column-gap-no\">\n\t\t\t\t\t<div class=\"elementor-column elementor-col-33 elementor-top-column elementor-element elementor-element-3bef88ed\" data-id=\"3bef88ed\" data-element_type=\"column\" data-e-type=\"column\">\n\t\t\t<div class=\"elementor-widget-wrap elementor-element-populated\">\n\t\t\t\t\t\t<div class=\"elementor-element elementor-element-755691d elementor-widget elementor-widget-heading\" data-id=\"755691d\" data-element_type=\"widget\" data-e-type=\"widget\" data-widget_type=\"heading.default\">\n\t\t\t\t\t<h2 class=\"elementor-heading-title elementor-size-default\">DAY CARE: O lazer da terceira idade!<\/h2>\t\t\t\t<\/div>\n\t\t\t\t<section class=\"elementor-section elementor-inner-section elementor-element elementor-element-2bda4aba elementor-section-boxed elementor-section-height-default elementor-section-height-default elementor-invisible\" data-id=\"2bda4aba\" data-element_type=\"section\" data-e-type=\"section\" data-settings=\"{&quot;animation&quot;:&quot;fadeInLeft&quot;}\">\n\t\t\t\t\t\t<div class=\"elementor-container elementor-column-gap-no\">\n\t\t\t\t\t<div class=\"elementor-column elementor-col-100 elementor-inner-column elementor-element elementor-element-672432c6\" data-id=\"672432c6\" data-element_type=\"column\" data-e-type=\"column\">\n\t\t\t<div class=\"elementor-widget-wrap elementor-element-populated\">\n\t\t\t\t\t\t<div class=\"elementor-element elementor-element-243f480c elementor-widget elementor-widget-text-editor\" data-id=\"243f480c\" data-element_type=\"widget\" data-e-type=\"widget\" data-widget_type=\"text-editor.default\">\n\t\t\t\t\t\t\t\t\t<div class=\"vc_row wpb_row \"><div class=\"wpb_column vc_column_container vc_col-sm-6\"><div class=\"vc_column-inner\"><div class=\"wpb_wrapper\"><div class=\"wpb_text_column wpb_content_element \"><div class=\"wpb_wrapper\"><p><span style=\"font-weight: 400;\">Com excelente atendimento, diversas atividades, alegria, conforto e aten\u00e7\u00e3o, nosso Day Care funciona todos os dias da semana e feriados, das 8h \u00e0s 17h30min.<\/span><\/p><p><span style=\"font-weight: 400;\">Na Vila Marina o idoso chega de manh\u00e3 cedinho e volta para casa no final do dia. Aqui a divers\u00e3o \u00e9 garantida.\u00a0<\/span><\/p><p><span style=\"font-weight: 400;\">Conte com essa \u00f3tima op\u00e7\u00e3o de lazer e descanso para terceira idade.<\/span><\/p><\/div><\/div><\/div><\/div><\/div><\/div>\t\t\t\t\t\t\t\t<\/div>\n\t\t\t\t\t<\/div>\n\t\t<\/div>\n\t\t\t\t\t<\/div>\n\t\t<\/section>\n\t\t\t\t<div class=\"elementor-element elementor-element-2e0bcb4 elementor-align-left elementor-widget elementor-widget-button\" data-id=\"2e0bcb4\" data-element_type=\"widget\" data-e-type=\"widget\" data-widget_type=\"button.default\">\n\t\t\t\t\t\t\t\t\t\t<a class=\"elementor-button elementor-button-link elementor-size-md elementor-animation-sink\" href=\"https:\/\/api.whatsapp.com\/send?phone=5521979382023\">\n\t\t\t\t\t\t<span class=\"elementor-button-content-wrapper\">\n\t\t\t\t\t\t\t\t\t<span class=\"elementor-button-text\">Agende agora uma estadia com a Vila Marina<\/span>\n\t\t\t\t\t<\/span>\n\t\t\t\t\t<\/a>\n\t\t\t\t\t\t\t\t<\/div>\n\t\t\t\t\t<\/div>\n\t\t<\/div>\n\t\t\t\t<div class=\"elementor-column elementor-col-33 elementor-top-column elementor-element elementor-element-578817d\" data-id=\"578817d\" data-element_type=\"column\" data-e-type=\"column\">\n\t\t\t<div class=\"elementor-widget-wrap elementor-element-populated\">\n\t\t\t\t\t\t<div class=\"elementor-element elementor-element-094e422 elementor-widget elementor-widget-image\" data-id=\"094e422\" data-element_type=\"widget\" data-e-type=\"widget\" data-widget_type=\"image.default\">\n\t\t\t\t\t\t\t\t\t\t\t\t\t\t\t<img fetchpriority=\"high\" decoding=\"async\" width=\"940\" height=\"624\" src=\"https:\/\/vilamarina.net\/hospedagem-idosos\/wp-content\/uploads\/2022\/10\/piscina.jpg\" class=\"attachment-large size-large wp-image-12428\" alt=\"\" srcset=\"https:\/\/vilamarina.net\/hospedagem-idosos\/wp-content\/uploads\/2022\/10\/piscina.jpg 1000w, https:\/\/vilamarina.net\/hospedagem-idosos\/wp-content\/uploads\/2022\/10\/piscina-300x199.jpg 300w, https:\/\/vilamarina.net\/hospedagem-idosos\/wp-content\/uploads\/2022\/10\/piscina-768x510.jpg 768w\" sizes=\"(max-width: 940px) 100vw, 940px\" \/>\t\t\t\t\t\t\t\t\t\t\t\t\t\t\t<\/div>\n\t\t\t\t<div class=\"elementor-element elementor-element-6f5e3c6 elementor-widget elementor-widget-image\" data-id=\"6f5e3c6\" data-element_type=\"widget\" data-e-type=\"widget\" data-widget_type=\"image.default\">\n\t\t\t\t\t\t\t\t\t\t\t\t\t\t\t<img decoding=\"async\" width=\"940\" height=\"624\" src=\"https:\/\/vilamarina.net\/hospedagem-idosos\/wp-content\/uploads\/2022\/10\/recepcao.jpg\" class=\"attachment-large size-large wp-image-12429\" alt=\"\" srcset=\"https:\/\/vilamarina.net\/hospedagem-idosos\/wp-content\/uploads\/2022\/10\/recepcao.jpg 1000w, https:\/\/vilamarina.net\/hospedagem-idosos\/wp-content\/uploads\/2022\/10\/recepcao-300x199.jpg 300w, https:\/\/vilamarina.net\/hospedagem-idosos\/wp-content\/uploads\/2022\/10\/recepcao-768x510.jpg 768w\" sizes=\"(max-width: 940px) 100vw, 940px\" \/>\t\t\t\t\t\t\t\t\t\t\t\t\t\t\t<\/div>\n\t\t\t\t\t<\/div>\n\t\t<\/div>\n\t\t\t\t<div class=\"elementor-column elementor-col-33 elementor-top-column elementor-element elementor-element-146a536\" data-id=\"146a536\" data-element_type=\"column\" data-e-type=\"column\">\n\t\t\t<div class=\"elementor-widget-wrap elementor-element-populated\">\n\t\t\t\t\t\t<div class=\"elementor-element elementor-element-3664dab elementor-widget elementor-widget-image\" data-id=\"3664dab\" data-element_type=\"widget\" data-e-type=\"widget\" data-widget_type=\"image.default\">\n\t\t\t\t\t\t\t\t\t\t\t\t\t\t\t<img decoding=\"async\" width=\"500\" height=\"697\" src=\"https:\/\/vilamarina.net\/hospedagem-idosos\/wp-content\/uploads\/2022\/10\/salao.jpg\" class=\"attachment-large size-large wp-image-12430\" alt=\"\" srcset=\"https:\/\/vilamarina.net\/hospedagem-idosos\/wp-content\/uploads\/2022\/10\/salao.jpg 500w, https:\/\/vilamarina.net\/hospedagem-idosos\/wp-content\/uploads\/2022\/10\/salao-215x300.jpg 215w\" sizes=\"(max-width: 500px) 100vw, 500px\" \/>\t\t\t\t\t\t\t\t\t\t\t\t\t\t\t<\/div>\n\t\t\t\t\t<\/div>\n\t\t<\/div>\n\t\t\t\t\t<\/div>\n\t\t<\/section>\n\t\t\t\t<section class=\"elementor-section elementor-top-section elementor-element elementor-element-2d68de7 elementor-section-boxed elementor-section-height-default elementor-section-height-default\" data-id=\"2d68de7\" data-element_type=\"section\" data-e-type=\"section\" data-settings=\"{&quot;background_background&quot;:&quot;classic&quot;}\">\n\t\t\t\t\t\t\t<div class=\"elementor-background-overlay\"><\/div>\n\t\t\t\t\t\t\t<div class=\"elementor-container elementor-column-gap-no\">\n\t\t\t\t\t<div class=\"elementor-column elementor-col-100 elementor-top-column elementor-element elementor-element-2d5728d\" data-id=\"2d5728d\" data-element_type=\"column\" data-e-type=\"column\">\n\t\t\t<div class=\"elementor-widget-wrap elementor-element-populated\">\n\t\t\t\t\t\t<section class=\"elementor-section elementor-inner-section elementor-element elementor-element-57bac4a animated-slow elementor-section-boxed elementor-section-height-default elementor-section-height-default elementor-invisible\" data-id=\"57bac4a\" data-element_type=\"section\" data-e-type=\"section\" data-settings=\"{&quot;animation&quot;:&quot;fadeIn&quot;}\">\n\t\t\t\t\t\t<div class=\"elementor-container elementor-column-gap-no\">\n\t\t\t\t\t<div class=\"elementor-column elementor-col-100 elementor-inner-column elementor-element elementor-element-7e3e240\" data-id=\"7e3e240\" data-element_type=\"column\" data-e-type=\"column\">\n\t\t\t<div class=\"elementor-widget-wrap elementor-element-populated\">\n\t\t\t\t\t\t<div class=\"elementor-element elementor-element-bdbe292 elementor-widget elementor-widget-heading\" data-id=\"bdbe292\" data-element_type=\"widget\" data-e-type=\"widget\" data-widget_type=\"heading.default\">\n\t\t\t\t\t<h1 class=\"elementor-heading-title elementor-size-default\">Por que usar o Day Care?\n<\/h1>\t\t\t\t<\/div>\n\t\t\t\t<div class=\"elementor-element elementor-element-c009f20 elementor-widget elementor-widget-heading\" data-id=\"c009f20\" data-element_type=\"widget\" data-e-type=\"widget\" data-widget_type=\"heading.default\">\n\t\t\t\t\t<p class=\"elementor-heading-title elementor-size-default\">O Day Care \u00e9 a escolha ideal para quem deseja oferecer independ\u00eancia e sociabilidade para seu familiar. Atrav\u00e9s das atividades executadas, os idosos estimulam seu corpo e sua mente, auxiliando no exerc\u00edcio da mem\u00f3ria, nas habilidades motoras, no racioc\u00ednio l\u00f3gico, entre outras \u00e1reas. Al\u00e9m da socializa\u00e7\u00e3o e conv\u00edvio com outras pessoas da mesma idade.\nNa Vila Marina, o nosso atendimento \u00e9 realizado com muito carinho, cuidado e dedica\u00e7\u00e3o, trazendo assim, um dia alegre diariamente.<\/p>\t\t\t\t<\/div>\n\t\t\t\t<div class=\"elementor-element elementor-element-e014693 elementor-align-center elementor-widget elementor-widget-button\" data-id=\"e014693\" data-element_type=\"widget\" data-e-type=\"widget\" data-widget_type=\"button.default\">\n\t\t\t\t\t\t\t\t\t\t<a class=\"elementor-button elementor-button-link elementor-size-md elementor-animation-sink\" href=\"https:\/\/api.whatsapp.com\/send?phone=5521979382023\">\n\t\t\t\t\t\t<span class=\"elementor-button-content-wrapper\">\n\t\t\t\t\t\t\t\t\t<span class=\"elementor-button-text\">Agende agora uma estadia com a Vila Marina<\/span>\n\t\t\t\t\t<\/span>\n\t\t\t\t\t<\/a>\n\t\t\t\t\t\t\t\t<\/div>\n\t\t\t\t\t<\/div>\n\t\t<\/div>\n\t\t\t\t\t<\/div>\n\t\t<\/section>\n\t\t\t\t\t<\/div>\n\t\t<\/div>\n\t\t\t\t\t<\/div>\n\t\t<\/section>\n\t\t\t\t<\/div>\n\t\t","protected":false},"excerpt":{"rendered":"<p>Voc\u00ea bem cuidado dia a dia! Para estadias curtas do seu ente mais querido. Agende agora uma estadia com a Vila Marina DAY CARE: O lazer da terceira idade! Com excelente atendimento, diversas atividades, alegria, conforto e aten\u00e7\u00e3o, nosso Day Care funciona todos os dias da semana e feriados, das 8h \u00e0s 17h30min. Na Vila [&hellip;]<\/p>\n","protected":false},"author":3,"featured_media":0,"parent":0,"menu_order":0,"comment_status":"open","ping_status":"closed","template":"elementor_header_footer","meta":{"footnotes":""},"class_list":["post-12419","page","type-page","status-publish","hentry"],"yoast_head":"<!-- This site is optimized with the Yoast SEO plugin v27.4 - https:\/\/yoast.com\/product\/yoast-seo-wordpress\/ -->\n<title>Day Care Particular &#8226; Vila Marina Lar e Hotel para Idosos<\/title>\n<meta name=\"robots\" content=\"index, follow, max-snippet:-1, max-image-preview:large, max-video-preview:-1\" \/>\n<link rel=\"canonical\" href=\"https:\/\/vilamarina.net\/hospedagem-idosos\/day-care\/\" \/>\n<meta property=\"og:locale\" content=\"pt_BR\" \/>\n<meta property=\"og:type\" content=\"article\" \/>\n<meta property=\"og:title\" content=\"Day Care Particular &#8226; Vila Marina Lar e Hotel para Idosos\" \/>\n<meta property=\"og:description\" content=\"Voc\u00ea bem cuidado dia a dia! Para estadias curtas do seu ente mais querido. Agende agora uma estadia com a Vila Marina DAY CARE: O lazer da terceira idade! Com excelente atendimento, diversas atividades, alegria, conforto e aten\u00e7\u00e3o, nosso Day Care funciona todos os dias da semana e feriados, das 8h \u00e0s 17h30min. Na Vila [&hellip;]\" \/>\n<meta property=\"og:url\" content=\"https:\/\/vilamarina.net\/hospedagem-idosos\/day-care\/\" \/>\n<meta property=\"og:site_name\" content=\"Vila Marina\" \/>\n<meta property=\"article:modified_time\" content=\"2024-11-28T23:22:33+00:00\" \/>\n<meta property=\"og:image\" content=\"https:\/\/vilamarina.net\/hospedagem-idosos\/wp-content\/uploads\/2022\/10\/piscina.jpg\" \/>\n<meta name=\"twitter:card\" content=\"summary_large_image\" \/>\n<meta name=\"twitter:label1\" content=\"Est. tempo de leitura\" \/>\n\t<meta name=\"twitter:data1\" content=\"1 minuto\" \/>\n<script type=\"application\/ld+json\" class=\"yoast-schema-graph\">{\"@context\":\"https:\\\/\\\/schema.org\",\"@graph\":[{\"@type\":\"WebPage\",\"@id\":\"https:\\\/\\\/vilamarina.net\\\/hospedagem-idosos\\\/day-care\\\/\",\"url\":\"https:\\\/\\\/vilamarina.net\\\/hospedagem-idosos\\\/day-care\\\/\",\"name\":\"Day Care Particular &#8226; Vila Marina Lar e Hotel para Idosos\",\"isPartOf\":{\"@id\":\"https:\\\/\\\/vilamarina.net\\\/hospedagem-idosos\\\/#website\"},\"primaryImageOfPage\":{\"@id\":\"https:\\\/\\\/vilamarina.net\\\/hospedagem-idosos\\\/day-care\\\/#primaryimage\"},\"image\":{\"@id\":\"https:\\\/\\\/vilamarina.net\\\/hospedagem-idosos\\\/day-care\\\/#primaryimage\"},\"thumbnailUrl\":\"https:\\\/\\\/vilamarina.net\\\/hospedagem-idosos\\\/wp-content\\\/uploads\\\/2022\\\/10\\\/piscina.jpg\",\"datePublished\":\"2022-10-19T14:56:14+00:00\",\"dateModified\":\"2024-11-28T23:22:33+00:00\",\"breadcrumb\":{\"@id\":\"https:\\\/\\\/vilamarina.net\\\/hospedagem-idosos\\\/day-care\\\/#breadcrumb\"},\"inLanguage\":\"pt-BR\",\"potentialAction\":[{\"@type\":\"ReadAction\",\"target\":[\"https:\\\/\\\/vilamarina.net\\\/hospedagem-idosos\\\/day-care\\\/\"]}]},{\"@type\":\"ImageObject\",\"inLanguage\":\"pt-BR\",\"@id\":\"https:\\\/\\\/vilamarina.net\\\/hospedagem-idosos\\\/day-care\\\/#primaryimage\",\"url\":\"https:\\\/\\\/vilamarina.net\\\/hospedagem-idosos\\\/wp-content\\\/uploads\\\/2022\\\/10\\\/piscina.jpg\",\"contentUrl\":\"https:\\\/\\\/vilamarina.net\\\/hospedagem-idosos\\\/wp-content\\\/uploads\\\/2022\\\/10\\\/piscina.jpg\",\"width\":1000,\"height\":664},{\"@type\":\"BreadcrumbList\",\"@id\":\"https:\\\/\\\/vilamarina.net\\\/hospedagem-idosos\\\/day-care\\\/#breadcrumb\",\"itemListElement\":[{\"@type\":\"ListItem\",\"position\":1,\"name\":\"In\u00edcio\",\"item\":\"https:\\\/\\\/vilamarina.net\\\/hospedagem-idosos\\\/\"},{\"@type\":\"ListItem\",\"position\":2,\"name\":\"Day Care\"}]},{\"@type\":\"WebSite\",\"@id\":\"https:\\\/\\\/vilamarina.net\\\/hospedagem-idosos\\\/#website\",\"url\":\"https:\\\/\\\/vilamarina.net\\\/hospedagem-idosos\\\/\",\"name\":\"Vila Marina Hospedagem de Idosos\",\"description\":\"Conhe\u00e7a a Vila Marina, lar e hospedagem para idosos em Vila Isabel. Infraestrutura completa com fisioterapia, nutri\u00e7\u00e3o, musicoterapia e cuidados especializados. Qualidade de vida e seguran\u00e7a para sua fam\u00edlia. Saiba mais!\",\"publisher\":{\"@id\":\"https:\\\/\\\/vilamarina.net\\\/hospedagem-idosos\\\/#organization\"},\"alternateName\":\"Vila Marina\",\"potentialAction\":[{\"@type\":\"SearchAction\",\"target\":{\"@type\":\"EntryPoint\",\"urlTemplate\":\"https:\\\/\\\/vilamarina.net\\\/hospedagem-idosos\\\/?s={search_term_string}\"},\"query-input\":{\"@type\":\"PropertyValueSpecification\",\"valueRequired\":true,\"valueName\":\"search_term_string\"}}],\"inLanguage\":\"pt-BR\"},{\"@type\":\"Organization\",\"@id\":\"https:\\\/\\\/vilamarina.net\\\/hospedagem-idosos\\\/#organization\",\"name\":\"Vila Marina | Casa de Repouso e Hospedagem para Idosos RJ\",\"url\":\"https:\\\/\\\/vilamarina.net\\\/hospedagem-idosos\\\/\",\"logo\":{\"@type\":\"ImageObject\",\"inLanguage\":\"pt-BR\",\"@id\":\"https:\\\/\\\/vilamarina.net\\\/hospedagem-idosos\\\/#\\\/schema\\\/logo\\\/image\\\/\",\"url\":\"https:\\\/\\\/vilamarina.net\\\/hospedagem-idosos\\\/wp-content\\\/uploads\\\/2021\\\/03\\\/vila-marina-logo.png\",\"contentUrl\":\"https:\\\/\\\/vilamarina.net\\\/hospedagem-idosos\\\/wp-content\\\/uploads\\\/2021\\\/03\\\/vila-marina-logo.png\",\"width\":350,\"height\":215,\"caption\":\"Vila Marina | Casa de Repouso e Hospedagem para Idosos RJ\"},\"image\":{\"@id\":\"https:\\\/\\\/vilamarina.net\\\/hospedagem-idosos\\\/#\\\/schema\\\/logo\\\/image\\\/\"}}]}<\/script>\n<!-- \/ Yoast SEO plugin. -->","yoast_head_json":{"title":"Day Care Particular &#8226; Vila Marina Lar e Hotel para Idosos","robots":{"index":"index","follow":"follow","max-snippet":"max-snippet:-1","max-image-preview":"max-image-preview:large","max-video-preview":"max-video-preview:-1"},"canonical":"https:\/\/vilamarina.net\/hospedagem-idosos\/day-care\/","og_locale":"pt_BR","og_type":"article","og_title":"Day Care Particular &#8226; Vila Marina Lar e Hotel para Idosos","og_description":"Voc\u00ea bem cuidado dia a dia! Para estadias curtas do seu ente mais querido. Agende agora uma estadia com a Vila Marina DAY CARE: O lazer da terceira idade! Com excelente atendimento, diversas atividades, alegria, conforto e aten\u00e7\u00e3o, nosso Day Care funciona todos os dias da semana e feriados, das 8h \u00e0s 17h30min. Na Vila [&hellip;]","og_url":"https:\/\/vilamarina.net\/hospedagem-idosos\/day-care\/","og_site_name":"Vila Marina","article_modified_time":"2024-11-28T23:22:33+00:00","og_image":[{"url":"https:\/\/vilamarina.net\/hospedagem-idosos\/wp-content\/uploads\/2022\/10\/piscina.jpg","type":"","width":"","height":""}],"twitter_card":"summary_large_image","twitter_misc":{"Est. tempo de leitura":"1 minuto"},"schema":{"@context":"https:\/\/schema.org","@graph":[{"@type":"WebPage","@id":"https:\/\/vilamarina.net\/hospedagem-idosos\/day-care\/","url":"https:\/\/vilamarina.net\/hospedagem-idosos\/day-care\/","name":"Day Care Particular &#8226; Vila Marina Lar e Hotel para Idosos","isPartOf":{"@id":"https:\/\/vilamarina.net\/hospedagem-idosos\/#website"},"primaryImageOfPage":{"@id":"https:\/\/vilamarina.net\/hospedagem-idosos\/day-care\/#primaryimage"},"image":{"@id":"https:\/\/vilamarina.net\/hospedagem-idosos\/day-care\/#primaryimage"},"thumbnailUrl":"https:\/\/vilamarina.net\/hospedagem-idosos\/wp-content\/uploads\/2022\/10\/piscina.jpg","datePublished":"2022-10-19T14:56:14+00:00","dateModified":"2024-11-28T23:22:33+00:00","breadcrumb":{"@id":"https:\/\/vilamarina.net\/hospedagem-idosos\/day-care\/#breadcrumb"},"inLanguage":"pt-BR","potentialAction":[{"@type":"ReadAction","target":["https:\/\/vilamarina.net\/hospedagem-idosos\/day-care\/"]}]},{"@type":"ImageObject","inLanguage":"pt-BR","@id":"https:\/\/vilamarina.net\/hospedagem-idosos\/day-care\/#primaryimage","url":"https:\/\/vilamarina.net\/hospedagem-idosos\/wp-content\/uploads\/2022\/10\/piscina.jpg","contentUrl":"https:\/\/vilamarina.net\/hospedagem-idosos\/wp-content\/uploads\/2022\/10\/piscina.jpg","width":1000,"height":664},{"@type":"BreadcrumbList","@id":"https:\/\/vilamarina.net\/hospedagem-idosos\/day-care\/#breadcrumb","itemListElement":[{"@type":"ListItem","position":1,"name":"In\u00edcio","item":"https:\/\/vilamarina.net\/hospedagem-idosos\/"},{"@type":"ListItem","position":2,"name":"Day Care"}]},{"@type":"WebSite","@id":"https:\/\/vilamarina.net\/hospedagem-idosos\/#website","url":"https:\/\/vilamarina.net\/hospedagem-idosos\/","name":"Vila Marina Hospedagem de Idosos","description":"Conhe\u00e7a a Vila Marina, lar e hospedagem para idosos em Vila Isabel. Infraestrutura completa com fisioterapia, nutri\u00e7\u00e3o, musicoterapia e cuidados especializados. Qualidade de vida e seguran\u00e7a para sua fam\u00edlia. Saiba mais!","publisher":{"@id":"https:\/\/vilamarina.net\/hospedagem-idosos\/#organization"},"alternateName":"Vila Marina","potentialAction":[{"@type":"SearchAction","target":{"@type":"EntryPoint","urlTemplate":"https:\/\/vilamarina.net\/hospedagem-idosos\/?s={search_term_string}"},"query-input":{"@type":"PropertyValueSpecification","valueRequired":true,"valueName":"search_term_string"}}],"inLanguage":"pt-BR"},{"@type":"Organization","@id":"https:\/\/vilamarina.net\/hospedagem-idosos\/#organization","name":"Vila Marina | Casa de Repouso e Hospedagem para Idosos RJ","url":"https:\/\/vilamarina.net\/hospedagem-idosos\/","logo":{"@type":"ImageObject","inLanguage":"pt-BR","@id":"https:\/\/vilamarina.net\/hospedagem-idosos\/#\/schema\/logo\/image\/","url":"https:\/\/vilamarina.net\/hospedagem-idosos\/wp-content\/uploads\/2021\/03\/vila-marina-logo.png","contentUrl":"https:\/\/vilamarina.net\/hospedagem-idosos\/wp-content\/uploads\/2021\/03\/vila-marina-logo.png","width":350,"height":215,"caption":"Vila Marina | Casa de Repouso e Hospedagem para Idosos RJ"},"image":{"@id":"https:\/\/vilamarina.net\/hospedagem-idosos\/#\/schema\/logo\/image\/"}}]}},"_links":{"self":[{"href":"https:\/\/vilamarina.net\/hospedagem-idosos\/wp-json\/wp\/v2\/pages\/12419","targetHints":{"allow":["GET"]}}],"collection":[{"href":"https:\/\/vilamarina.net\/hospedagem-idosos\/wp-json\/wp\/v2\/pages"}],"about":[{"href":"https:\/\/vilamarina.net\/hospedagem-idosos\/wp-json\/wp\/v2\/types\/page"}],"author":[{"embeddable":true,"href":"https:\/\/vilamarina.net\/hospedagem-idosos\/wp-json\/wp\/v2\/users\/3"}],"replies":[{"embeddable":true,"href":"https:\/\/vilamarina.net\/hospedagem-idosos\/wp-json\/wp\/v2\/comments?post=12419"}],"version-history":[{"count":0,"href":"https:\/\/vilamarina.net\/hospedagem-idosos\/wp-json\/wp\/v2\/pages\/12419\/revisions"}],"wp:attachment":[{"href":"https:\/\/vilamarina.net\/hospedagem-idosos\/wp-json\/wp\/v2\/media?parent=12419"}],"curies":[{"name":"wp","href":"https:\/\/api.w.org\/{rel}","templated":true}]}}