{"id":8191,"date":"2015-07-01T22:56:15","date_gmt":"2015-07-01T22:56:15","guid":{"rendered":"https:\/\/vilamarina.net\/hospedagem-idosos\/?page_id=8191"},"modified":"2024-08-20T10:36:46","modified_gmt":"2024-08-20T13:36:46","slug":"consulte","status":"publish","type":"page","link":"https:\/\/vilamarina.net\/hospedagem-idosos\/consulte\/","title":{"rendered":"Consulte"},"content":{"rendered":"\t\t<div data-elementor-type=\"wp-page\" data-elementor-id=\"8191\" class=\"elementor elementor-8191\" data-elementor-post-type=\"page\">\n\t\t\t\t\t\t<section class=\"elementor-section elementor-top-section elementor-element elementor-element-1a81def elementor-section-boxed elementor-section-height-default elementor-section-height-default\" data-id=\"1a81def\" data-element_type=\"section\" data-e-type=\"section\">\n\t\t\t\t\t\t<div class=\"elementor-container elementor-column-gap-default\">\n\t\t\t\t\t<div class=\"elementor-column elementor-col-100 elementor-top-column elementor-element elementor-element-168661d6\" data-id=\"168661d6\" data-element_type=\"column\" data-e-type=\"column\">\n\t\t\t<div class=\"elementor-widget-wrap\">\n\t\t\t\t\t\t\t<\/div>\n\t\t<\/div>\n\t\t\t\t\t<\/div>\n\t\t<\/section>\n\t\t\t\t<section class=\"elementor-section elementor-top-section elementor-element elementor-element-7410fc3b elementor-section-boxed elementor-section-height-default elementor-section-height-default\" data-id=\"7410fc3b\" data-element_type=\"section\" data-e-type=\"section\">\n\t\t\t\t\t\t<div class=\"elementor-container elementor-column-gap-no\">\n\t\t\t\t\t<div class=\"elementor-column elementor-col-50 elementor-top-column elementor-element elementor-element-7d76b551 elementor-invisible\" data-id=\"7d76b551\" data-element_type=\"column\" data-e-type=\"column\" data-settings=\"{&quot;background_background&quot;:&quot;classic&quot;,&quot;animation&quot;:&quot;fadeInLeft&quot;}\">\n\t\t\t<div class=\"elementor-widget-wrap elementor-element-populated\">\n\t\t\t\t\t\t<div class=\"elementor-element elementor-element-584e2dfd elementor-widget elementor-widget-heading\" data-id=\"584e2dfd\" data-element_type=\"widget\" data-e-type=\"widget\" data-widget_type=\"heading.default\">\n\t\t\t\t\t<h2 class=\"elementor-heading-title elementor-size-default\">Mais informa\u00e7\u00f5es\n<\/h2>\t\t\t\t<\/div>\n\t\t\t\t<div class=\"elementor-element elementor-element-53a4fa51 elementor-widget-divider--separator-type-pattern elementor-widget-divider--no-spacing elementor-widget-divider--view-line elementor-widget elementor-widget-divider\" data-id=\"53a4fa51\" data-element_type=\"widget\" data-e-type=\"widget\" data-widget_type=\"divider.default\">\n\t\t\t\t\t\t\t<div class=\"elementor-divider\" style=\"--divider-pattern-url: url(&quot;data:image\/svg+xml,%3Csvg xmlns=&#039;http:\/\/www.w3.org\/2000\/svg&#039; preserveAspectRatio=&#039;xMidYMid meet&#039; overflow=&#039;visible&#039; height=&#039;100%&#039; viewBox=&#039;0 0 120 26&#039; fill=&#039;black&#039; stroke=&#039;none&#039;%3E%3Cpolygon points=&#039;0,14.4 0,21 11.5,12.4 21.3,20 30.4,11.1 40.3,20 51,12.4 60.6,20 69.6,11.1 79.3,20 90.1,12.4 99.6,20 109.7,11.1 120,21 120,14.4 109.7,5 99.6,13 90.1,5 79.3,14.5 71,5.7 60.6,12.4 51,5 40.3,14.5 31.1,5 21.3,13 11.5,5 \t&#039;\/%3E%3C\/svg%3E&quot;);\">\n\t\t\t<span class=\"elementor-divider-separator\">\n\t\t\t\t\t\t<\/span>\n\t\t<\/div>\n\t\t\t\t\t\t<\/div>\n\t\t\t\t<div class=\"elementor-element elementor-element-5d78cf11 elementor-position-inline-start elementor-view-default elementor-mobile-position-block-start elementor-widget elementor-widget-icon-box\" data-id=\"5d78cf11\" data-element_type=\"widget\" data-e-type=\"widget\" data-widget_type=\"icon-box.default\">\n\t\t\t\t\t\t\t<div class=\"elementor-icon-box-wrapper\">\n\n\t\t\t\t\t\t<div class=\"elementor-icon-box-icon\">\n\t\t\t\t<span  class=\"elementor-icon\">\n\t\t\t\t<i aria-hidden=\"true\" class=\"fas fa-envelope\"><\/i>\t\t\t\t<\/span>\n\t\t\t<\/div>\n\t\t\t\n\t\t\t\t\t\t<div class=\"elementor-icon-box-content\">\n\n\t\t\t\t\t\t\t\t\t<h3 class=\"elementor-icon-box-title\">\n\t\t\t\t\t\t<span  >\n\t\t\t\t\t\t\tE-mail:\t\t\t\t\t\t<\/span>\n\t\t\t\t\t<\/h3>\n\t\t\t\t\n\t\t\t\t\t\t\t\t\t<p class=\"elementor-icon-box-description\">\n\t\t\t\t\t\trecepcao@vilamarina.net\t\t\t\t\t<\/p>\n\t\t\t\t\n\t\t\t<\/div>\n\t\t\t\n\t\t<\/div>\n\t\t\t\t\t\t<\/div>\n\t\t\t\t<div class=\"elementor-element elementor-element-59efd5cb elementor-position-inline-start elementor-view-default elementor-mobile-position-block-start elementor-widget elementor-widget-icon-box\" data-id=\"59efd5cb\" data-element_type=\"widget\" data-e-type=\"widget\" data-widget_type=\"icon-box.default\">\n\t\t\t\t\t\t\t<div class=\"elementor-icon-box-wrapper\">\n\n\t\t\t\t\t\t<div class=\"elementor-icon-box-icon\">\n\t\t\t\t<span  class=\"elementor-icon\">\n\t\t\t\t<i aria-hidden=\"true\" class=\"fas fa-phone\"><\/i>\t\t\t\t<\/span>\n\t\t\t<\/div>\n\t\t\t\n\t\t\t\t\t\t<div class=\"elementor-icon-box-content\">\n\n\t\t\t\t\t\t\t\t\t<h3 class=\"elementor-icon-box-title\">\n\t\t\t\t\t\t<span  >\n\t\t\t\t\t\t\tTelefone\t\t\t\t\t\t<\/span>\n\t\t\t\t\t<\/h3>\n\t\t\t\t\n\t\t\t\t\t\t\t\t\t<p class=\"elementor-icon-box-description\">\n\t\t\t\t\t\t(21) 2574-9563\t\t\t\t\t<\/p>\n\t\t\t\t\n\t\t\t<\/div>\n\t\t\t\n\t\t<\/div>\n\t\t\t\t\t\t<\/div>\n\t\t\t\t<div class=\"elementor-element elementor-element-a358627 elementor-position-inline-start elementor-view-default elementor-mobile-position-block-start elementor-widget elementor-widget-icon-box\" data-id=\"a358627\" data-element_type=\"widget\" data-e-type=\"widget\" data-widget_type=\"icon-box.default\">\n\t\t\t\t\t\t\t<div class=\"elementor-icon-box-wrapper\">\n\n\t\t\t\t\t\t<div class=\"elementor-icon-box-icon\">\n\t\t\t\t<span  class=\"elementor-icon\">\n\t\t\t\t<i aria-hidden=\"true\" class=\"fas fa-phone\"><\/i>\t\t\t\t<\/span>\n\t\t\t<\/div>\n\t\t\t\n\t\t\t\t\t\t<div class=\"elementor-icon-box-content\">\n\n\t\t\t\t\t\t\t\t\t<h3 class=\"elementor-icon-box-title\">\n\t\t\t\t\t\t<span  >\n\t\t\t\t\t\t\tTelefone\t\t\t\t\t\t<\/span>\n\t\t\t\t\t<\/h3>\n\t\t\t\t\n\t\t\t\t\t\t\t\t\t<p class=\"elementor-icon-box-description\">\n\t\t\t\t\t\t (21) 2569-5947\t\t\t\t\t<\/p>\n\t\t\t\t\n\t\t\t<\/div>\n\t\t\t\n\t\t<\/div>\n\t\t\t\t\t\t<\/div>\n\t\t\t\t<div class=\"elementor-element elementor-element-c3feadc elementor-position-inline-start elementor-view-default elementor-mobile-position-block-start elementor-widget elementor-widget-icon-box\" data-id=\"c3feadc\" data-element_type=\"widget\" data-e-type=\"widget\" data-widget_type=\"icon-box.default\">\n\t\t\t\t\t\t\t<div class=\"elementor-icon-box-wrapper\">\n\n\t\t\t\t\t\t<div class=\"elementor-icon-box-icon\">\n\t\t\t\t<span  class=\"elementor-icon\">\n\t\t\t\t<i aria-hidden=\"true\" class=\"fas fa-phone\"><\/i>\t\t\t\t<\/span>\n\t\t\t<\/div>\n\t\t\t\n\t\t\t\t\t\t<div class=\"elementor-icon-box-content\">\n\n\t\t\t\t\t\t\t\t\t<h3 class=\"elementor-icon-box-title\">\n\t\t\t\t\t\t<span  >\n\t\t\t\t\t\t\tWhatsapp\t\t\t\t\t\t<\/span>\n\t\t\t\t\t<\/h3>\n\t\t\t\t\n\t\t\t\t\t\t\t\t\t<p class=\"elementor-icon-box-description\">\n\t\t\t\t\t\t(21) 97938-2023\t\t\t\t\t<\/p>\n\t\t\t\t\n\t\t\t<\/div>\n\t\t\t\n\t\t<\/div>\n\t\t\t\t\t\t<\/div>\n\t\t\t\t<div class=\"elementor-element elementor-element-112a9444 elementor-position-inline-start elementor-widget__width-auto elementor-view-default elementor-mobile-position-block-start elementor-widget elementor-widget-icon-box\" data-id=\"112a9444\" data-element_type=\"widget\" data-e-type=\"widget\" data-widget_type=\"icon-box.default\">\n\t\t\t\t\t\t\t<div class=\"elementor-icon-box-wrapper\">\n\n\t\t\t\t\t\t<div class=\"elementor-icon-box-icon\">\n\t\t\t\t<span  class=\"elementor-icon\">\n\t\t\t\t<i aria-hidden=\"true\" class=\"fas fa-map-marker-alt\"><\/i>\t\t\t\t<\/span>\n\t\t\t<\/div>\n\t\t\t\n\t\t\t\t\t\t<div class=\"elementor-icon-box-content\">\n\n\t\t\t\t\t\t\t\t\t<h3 class=\"elementor-icon-box-title\">\n\t\t\t\t\t\t<span  >\n\t\t\t\t\t\t\tEndere\u00e7o:\t\t\t\t\t\t<\/span>\n\t\t\t\t\t<\/h3>\n\t\t\t\t\n\t\t\t\t\t\t\t\t\t<p class=\"elementor-icon-box-description\">\n\t\t\t\t\t\tRua Justiniano da Rocha, 127\nVila Isabel \u2013 RJ\t\t\t\t\t<\/p>\n\t\t\t\t\n\t\t\t<\/div>\n\t\t\t\n\t\t<\/div>\n\t\t\t\t\t\t<\/div>\n\t\t\t\t\t<\/div>\n\t\t<\/div>\n\t\t\t\t<div class=\"elementor-column elementor-col-50 elementor-top-column elementor-element elementor-element-735f3ce4 elementor-invisible\" data-id=\"735f3ce4\" data-element_type=\"column\" data-e-type=\"column\" data-settings=\"{&quot;background_background&quot;:&quot;classic&quot;,&quot;animation&quot;:&quot;fadeInRight&quot;}\">\n\t\t\t<div class=\"elementor-widget-wrap elementor-element-populated\">\n\t\t\t\t\t<div class=\"elementor-background-overlay\"><\/div>\n\t\t\t\t\t\t<div class=\"elementor-element elementor-element-4632c26d elementor-button-align-stretch elementor-widget elementor-widget-form\" data-id=\"4632c26d\" data-element_type=\"widget\" data-e-type=\"widget\" data-settings=\"{&quot;step_next_label&quot;:&quot;Next&quot;,&quot;step_previous_label&quot;:&quot;Previous&quot;,&quot;button_width&quot;:&quot;100&quot;,&quot;step_type&quot;:&quot;number_text&quot;,&quot;step_icon_shape&quot;:&quot;circle&quot;}\" data-widget_type=\"form.default\">\n\t\t\t\t\t\t\t<form class=\"elementor-form\" method=\"post\" name=\"Consulte\" aria-label=\"Consulte\">\n\t\t\t<input type=\"hidden\" name=\"post_id\" value=\"8191\"\/>\n\t\t\t<input type=\"hidden\" name=\"form_id\" value=\"4632c26d\"\/>\n\t\t\t<input type=\"hidden\" name=\"referer_title\" value=\"Vila Marina\" \/>\n\n\t\t\t\n\t\t\t<div class=\"elementor-form-fields-wrapper elementor-labels-above\">\n\t\t\t\t\t\t\t\t<div class=\"elementor-field-type-text elementor-field-group elementor-column elementor-field-group-name elementor-col-50\">\n\t\t\t\t\t\t\t\t\t\t\t\t\t<input size=\"1\" type=\"text\" name=\"form_fields[name]\" id=\"form-field-name\" class=\"elementor-field elementor-size-sm  elementor-field-textual\" placeholder=\"Nome\">\n\t\t\t\t\t\t\t\t\t\t\t<\/div>\n\t\t\t\t\t\t\t\t<div class=\"elementor-field-type-text elementor-field-group elementor-column elementor-field-group-field_87aaafd elementor-col-50\">\n\t\t\t\t\t\t\t\t\t\t\t\t\t<input size=\"1\" type=\"text\" name=\"form_fields[field_87aaafd]\" id=\"form-field-field_87aaafd\" class=\"elementor-field elementor-size-sm  elementor-field-textual\" placeholder=\"Telefone\">\n\t\t\t\t\t\t\t\t\t\t\t<\/div>\n\t\t\t\t\t\t\t\t<div class=\"elementor-field-type-email elementor-field-group elementor-column elementor-field-group-email elementor-col-100 elementor-field-required\">\n\t\t\t\t\t\t\t\t\t\t\t\t\t<input size=\"1\" type=\"email\" name=\"form_fields[email]\" id=\"form-field-email\" class=\"elementor-field elementor-size-sm  elementor-field-textual\" placeholder=\"Email\" required=\"required\">\n\t\t\t\t\t\t\t\t\t\t\t<\/div>\n\t\t\t\t\t\t\t\t<div class=\"elementor-field-type-textarea elementor-field-group elementor-column elementor-field-group-field_0046f1f elementor-col-100\">\n\t\t\t\t\t<textarea class=\"elementor-field-textual elementor-field  elementor-size-sm\" name=\"form_fields[field_0046f1f]\" id=\"form-field-field_0046f1f\" rows=\"4\" placeholder=\"Mensagem\"><\/textarea>\t\t\t\t<\/div>\n\t\t\t\t\t\t\t\t<div class=\"elementor-field-type-recaptcha_v3 elementor-field-group elementor-column elementor-field-group-field_fcb5114 elementor-col-100 recaptcha_v3-bottomright\">\n\t\t\t\t\t<div class=\"elementor-field\" id=\"form-field-field_fcb5114\"><div class=\"elementor-g-recaptcha\" data-sitekey=\"6Lc_OSgjAAAAAJuZ2GJDmXgkbshmZrM8tjI4suZd\" data-type=\"v3\" data-action=\"Form\" data-badge=\"bottomright\" data-size=\"invisible\"><\/div><\/div>\t\t\t\t<\/div>\n\t\t\t\t\t\t\t\t<div class=\"elementor-field-group elementor-column elementor-field-type-submit elementor-col-100 e-form__buttons\">\n\t\t\t\t\t<button class=\"elementor-button elementor-size-sm\" type=\"submit\">\n\t\t\t\t\t\t<span class=\"elementor-button-content-wrapper\">\n\t\t\t\t\t\t\t\t\t\t\t\t\t\t\t\t\t\t\t\t\t\t<span class=\"elementor-button-text\">Enviar<\/span>\n\t\t\t\t\t\t\t\t\t\t\t\t\t<\/span>\n\t\t\t\t\t<\/button>\n\t\t\t\t<\/div>\n\t\t\t<\/div>\n\t\t<\/form>\n\t\t\t\t\t\t<\/div>\n\t\t\t\t\t<\/div>\n\t\t<\/div>\n\t\t\t\t\t<\/div>\n\t\t<\/section>\n\t\t\t\t<section class=\"elementor-section elementor-top-section elementor-element elementor-element-6fe578d4 elementor-section-full_width elementor-section-height-default elementor-section-height-default elementor-invisible\" data-id=\"6fe578d4\" data-element_type=\"section\" data-e-type=\"section\" data-settings=\"{&quot;animation&quot;:&quot;fadeIn&quot;}\">\n\t\t\t\t\t\t<div class=\"elementor-container elementor-column-gap-no\">\n\t\t\t\t\t<div class=\"elementor-column elementor-col-100 elementor-top-column elementor-element elementor-element-1968760b\" data-id=\"1968760b\" data-element_type=\"column\" data-e-type=\"column\">\n\t\t\t<div class=\"elementor-widget-wrap elementor-element-populated\">\n\t\t\t\t\t\t<div class=\"elementor-element elementor-element-189c4cff elementor-widget elementor-widget-google_maps\" data-id=\"189c4cff\" data-element_type=\"widget\" data-e-type=\"widget\" data-widget_type=\"google_maps.default\">\n\t\t\t\t\t\t\t<div class=\"elementor-custom-embed\">\n\t\t\t<iframe loading=\"lazy\"\n\t\t\t\t\tsrc=\"https:\/\/maps.google.com\/maps?q=Rua%20Justiniano%20da%20Rocha%2C%20127%20Vila%20Isabel%20%E2%80%93%20RJ&#038;t=m&#038;z=17&#038;output=embed&#038;iwloc=near\"\n\t\t\t\t\ttitle=\"Rua Justiniano da Rocha, 127 Vila Isabel \u2013 RJ\"\n\t\t\t\t\taria-label=\"Rua Justiniano da Rocha, 127 Vila Isabel \u2013 RJ\"\n\t\t\t><\/iframe>\n\t\t<\/div>\n\t\t\t\t\t\t<\/div>\n\t\t\t\t\t<\/div>\n\t\t<\/div>\n\t\t\t\t\t<\/div>\n\t\t<\/section>\n\t\t\t\t<\/div>\n\t\t","protected":false},"excerpt":{"rendered":"<p>Mais informa\u00e7\u00f5es E-mail: recepcao@vilamarina.net Telefone (21) 2574-9563 Telefone (21) 2569-5947 Whatsapp (21) 97938-2023 Endere\u00e7o: Rua Justiniano da Rocha, 127 Vila Isabel \u2013 RJ<\/p>\n","protected":false},"author":1,"featured_media":12468,"parent":0,"menu_order":0,"comment_status":"open","ping_status":"closed","template":"elementor_header_footer","meta":{"footnotes":""},"class_list":["post-8191","page","type-page","status-publish","has-post-thumbnail","hentry"],"yoast_head":"<!-- This site is optimized with the Yoast SEO plugin v27.4 - https:\/\/yoast.com\/product\/yoast-seo-wordpress\/ -->\n<title>Consulte &#8226; Vila Marina &#8226; Casa de Repouso Tijuca Zona Norte RJ<\/title>\n<meta name=\"robots\" content=\"index, follow, max-snippet:-1, max-image-preview:large, max-video-preview:-1\" \/>\n<link rel=\"canonical\" href=\"https:\/\/vilamarina.net\/hospedagem-idosos\/consulte\/\" \/>\n<meta property=\"og:locale\" content=\"pt_BR\" \/>\n<meta property=\"og:type\" content=\"article\" \/>\n<meta property=\"og:title\" content=\"Consulte &#8226; Vila Marina &#8226; Casa de Repouso Tijuca Zona Norte RJ\" \/>\n<meta property=\"og:description\" content=\"Mais informa\u00e7\u00f5es E-mail: recepcao@vilamarina.net Telefone (21) 2574-9563 Telefone (21) 2569-5947 Whatsapp (21) 97938-2023 Endere\u00e7o: Rua Justiniano da Rocha, 127 Vila Isabel \u2013 RJ\" \/>\n<meta property=\"og:url\" content=\"https:\/\/vilamarina.net\/hospedagem-idosos\/consulte\/\" \/>\n<meta property=\"og:site_name\" content=\"Vila Marina\" \/>\n<meta property=\"article:modified_time\" content=\"2024-08-20T13:36:46+00:00\" \/>\n<meta property=\"og:image\" content=\"https:\/\/vilamarina.net\/hospedagem-idosos\/wp-content\/uploads\/2022\/10\/Sem-nome-999-px-\u00d7-1499-px-1100-\u00d7-800-px-3.png\" \/>\n\t<meta property=\"og:image:width\" content=\"1100\" \/>\n\t<meta property=\"og:image:height\" content=\"800\" \/>\n\t<meta property=\"og:image:type\" content=\"image\/png\" \/>\n<meta name=\"twitter:card\" content=\"summary_large_image\" \/>\n<meta name=\"twitter:label1\" content=\"Est. tempo de leitura\" \/>\n\t<meta name=\"twitter:data1\" content=\"1 minuto\" \/>\n<script type=\"application\/ld+json\" class=\"yoast-schema-graph\">{\"@context\":\"https:\\\/\\\/schema.org\",\"@graph\":[{\"@type\":\"WebPage\",\"@id\":\"https:\\\/\\\/vilamarina.net\\\/hospedagem-idosos\\\/consulte\\\/\",\"url\":\"https:\\\/\\\/vilamarina.net\\\/hospedagem-idosos\\\/consulte\\\/\",\"name\":\"Consulte &#8226; Vila Marina &#8226; Casa de Repouso Tijuca Zona Norte RJ\",\"isPartOf\":{\"@id\":\"https:\\\/\\\/vilamarina.net\\\/hospedagem-idosos\\\/#website\"},\"primaryImageOfPage\":{\"@id\":\"https:\\\/\\\/vilamarina.net\\\/hospedagem-idosos\\\/consulte\\\/#primaryimage\"},\"image\":{\"@id\":\"https:\\\/\\\/vilamarina.net\\\/hospedagem-idosos\\\/consulte\\\/#primaryimage\"},\"thumbnailUrl\":\"https:\\\/\\\/vilamarina.net\\\/hospedagem-idosos\\\/wp-content\\\/uploads\\\/2022\\\/10\\\/Sem-nome-999-px-\u00d7-1499-px-1100-\u00d7-800-px-3.png\",\"datePublished\":\"2015-07-01T22:56:15+00:00\",\"dateModified\":\"2024-08-20T13:36:46+00:00\",\"breadcrumb\":{\"@id\":\"https:\\\/\\\/vilamarina.net\\\/hospedagem-idosos\\\/consulte\\\/#breadcrumb\"},\"inLanguage\":\"pt-BR\",\"potentialAction\":[{\"@type\":\"ReadAction\",\"target\":[\"https:\\\/\\\/vilamarina.net\\\/hospedagem-idosos\\\/consulte\\\/\"]}]},{\"@type\":\"ImageObject\",\"inLanguage\":\"pt-BR\",\"@id\":\"https:\\\/\\\/vilamarina.net\\\/hospedagem-idosos\\\/consulte\\\/#primaryimage\",\"url\":\"https:\\\/\\\/vilamarina.net\\\/hospedagem-idosos\\\/wp-content\\\/uploads\\\/2022\\\/10\\\/Sem-nome-999-px-\u00d7-1499-px-1100-\u00d7-800-px-3.png\",\"contentUrl\":\"https:\\\/\\\/vilamarina.net\\\/hospedagem-idosos\\\/wp-content\\\/uploads\\\/2022\\\/10\\\/Sem-nome-999-px-\u00d7-1499-px-1100-\u00d7-800-px-3.png\",\"width\":1100,\"height\":800,\"caption\":\"Voc\u00ea sabe tudo que uma casa de repouso para a terceira idade pode oferecer para um parente querido?\"},{\"@type\":\"BreadcrumbList\",\"@id\":\"https:\\\/\\\/vilamarina.net\\\/hospedagem-idosos\\\/consulte\\\/#breadcrumb\",\"itemListElement\":[{\"@type\":\"ListItem\",\"position\":1,\"name\":\"In\u00edcio\",\"item\":\"https:\\\/\\\/vilamarina.net\\\/hospedagem-idosos\\\/\"},{\"@type\":\"ListItem\",\"position\":2,\"name\":\"Consulte\"}]},{\"@type\":\"WebSite\",\"@id\":\"https:\\\/\\\/vilamarina.net\\\/hospedagem-idosos\\\/#website\",\"url\":\"https:\\\/\\\/vilamarina.net\\\/hospedagem-idosos\\\/\",\"name\":\"Vila Marina Hospedagem de Idosos\",\"description\":\"Conhe\u00e7a a Vila Marina, lar e hospedagem para idosos em Vila Isabel. Infraestrutura completa com fisioterapia, nutri\u00e7\u00e3o, musicoterapia e cuidados especializados. Qualidade de vida e seguran\u00e7a para sua fam\u00edlia. Saiba mais!\",\"publisher\":{\"@id\":\"https:\\\/\\\/vilamarina.net\\\/hospedagem-idosos\\\/#organization\"},\"alternateName\":\"Vila Marina\",\"potentialAction\":[{\"@type\":\"SearchAction\",\"target\":{\"@type\":\"EntryPoint\",\"urlTemplate\":\"https:\\\/\\\/vilamarina.net\\\/hospedagem-idosos\\\/?s={search_term_string}\"},\"query-input\":{\"@type\":\"PropertyValueSpecification\",\"valueRequired\":true,\"valueName\":\"search_term_string\"}}],\"inLanguage\":\"pt-BR\"},{\"@type\":\"Organization\",\"@id\":\"https:\\\/\\\/vilamarina.net\\\/hospedagem-idosos\\\/#organization\",\"name\":\"Vila Marina | Casa de Repouso e Hospedagem para Idosos RJ\",\"url\":\"https:\\\/\\\/vilamarina.net\\\/hospedagem-idosos\\\/\",\"logo\":{\"@type\":\"ImageObject\",\"inLanguage\":\"pt-BR\",\"@id\":\"https:\\\/\\\/vilamarina.net\\\/hospedagem-idosos\\\/#\\\/schema\\\/logo\\\/image\\\/\",\"url\":\"https:\\\/\\\/vilamarina.net\\\/hospedagem-idosos\\\/wp-content\\\/uploads\\\/2021\\\/03\\\/vila-marina-logo.png\",\"contentUrl\":\"https:\\\/\\\/vilamarina.net\\\/hospedagem-idosos\\\/wp-content\\\/uploads\\\/2021\\\/03\\\/vila-marina-logo.png\",\"width\":350,\"height\":215,\"caption\":\"Vila Marina | Casa de Repouso e Hospedagem para Idosos RJ\"},\"image\":{\"@id\":\"https:\\\/\\\/vilamarina.net\\\/hospedagem-idosos\\\/#\\\/schema\\\/logo\\\/image\\\/\"}}]}<\/script>\n<!-- \/ Yoast SEO plugin. -->","yoast_head_json":{"title":"Consulte &#8226; Vila Marina &#8226; Casa de Repouso Tijuca Zona Norte RJ","robots":{"index":"index","follow":"follow","max-snippet":"max-snippet:-1","max-image-preview":"max-image-preview:large","max-video-preview":"max-video-preview:-1"},"canonical":"https:\/\/vilamarina.net\/hospedagem-idosos\/consulte\/","og_locale":"pt_BR","og_type":"article","og_title":"Consulte &#8226; Vila Marina &#8226; Casa de Repouso Tijuca Zona Norte RJ","og_description":"Mais informa\u00e7\u00f5es E-mail: recepcao@vilamarina.net Telefone (21) 2574-9563 Telefone (21) 2569-5947 Whatsapp (21) 97938-2023 Endere\u00e7o: Rua Justiniano da Rocha, 127 Vila Isabel \u2013 RJ","og_url":"https:\/\/vilamarina.net\/hospedagem-idosos\/consulte\/","og_site_name":"Vila Marina","article_modified_time":"2024-08-20T13:36:46+00:00","og_image":[{"width":1100,"height":800,"url":"https:\/\/vilamarina.net\/hospedagem-idosos\/wp-content\/uploads\/2022\/10\/Sem-nome-999-px-\u00d7-1499-px-1100-\u00d7-800-px-3.png","type":"image\/png"}],"twitter_card":"summary_large_image","twitter_misc":{"Est. tempo de leitura":"1 minuto"},"schema":{"@context":"https:\/\/schema.org","@graph":[{"@type":"WebPage","@id":"https:\/\/vilamarina.net\/hospedagem-idosos\/consulte\/","url":"https:\/\/vilamarina.net\/hospedagem-idosos\/consulte\/","name":"Consulte &#8226; Vila Marina &#8226; Casa de Repouso Tijuca Zona Norte RJ","isPartOf":{"@id":"https:\/\/vilamarina.net\/hospedagem-idosos\/#website"},"primaryImageOfPage":{"@id":"https:\/\/vilamarina.net\/hospedagem-idosos\/consulte\/#primaryimage"},"image":{"@id":"https:\/\/vilamarina.net\/hospedagem-idosos\/consulte\/#primaryimage"},"thumbnailUrl":"https:\/\/vilamarina.net\/hospedagem-idosos\/wp-content\/uploads\/2022\/10\/Sem-nome-999-px-\u00d7-1499-px-1100-\u00d7-800-px-3.png","datePublished":"2015-07-01T22:56:15+00:00","dateModified":"2024-08-20T13:36:46+00:00","breadcrumb":{"@id":"https:\/\/vilamarina.net\/hospedagem-idosos\/consulte\/#breadcrumb"},"inLanguage":"pt-BR","potentialAction":[{"@type":"ReadAction","target":["https:\/\/vilamarina.net\/hospedagem-idosos\/consulte\/"]}]},{"@type":"ImageObject","inLanguage":"pt-BR","@id":"https:\/\/vilamarina.net\/hospedagem-idosos\/consulte\/#primaryimage","url":"https:\/\/vilamarina.net\/hospedagem-idosos\/wp-content\/uploads\/2022\/10\/Sem-nome-999-px-\u00d7-1499-px-1100-\u00d7-800-px-3.png","contentUrl":"https:\/\/vilamarina.net\/hospedagem-idosos\/wp-content\/uploads\/2022\/10\/Sem-nome-999-px-\u00d7-1499-px-1100-\u00d7-800-px-3.png","width":1100,"height":800,"caption":"Voc\u00ea sabe tudo que uma casa de repouso para a terceira idade pode oferecer para um parente querido?"},{"@type":"BreadcrumbList","@id":"https:\/\/vilamarina.net\/hospedagem-idosos\/consulte\/#breadcrumb","itemListElement":[{"@type":"ListItem","position":1,"name":"In\u00edcio","item":"https:\/\/vilamarina.net\/hospedagem-idosos\/"},{"@type":"ListItem","position":2,"name":"Consulte"}]},{"@type":"WebSite","@id":"https:\/\/vilamarina.net\/hospedagem-idosos\/#website","url":"https:\/\/vilamarina.net\/hospedagem-idosos\/","name":"Vila Marina Hospedagem de Idosos","description":"Conhe\u00e7a a Vila Marina, lar e hospedagem para idosos em Vila Isabel. Infraestrutura completa com fisioterapia, nutri\u00e7\u00e3o, musicoterapia e cuidados especializados. Qualidade de vida e seguran\u00e7a para sua fam\u00edlia. Saiba mais!","publisher":{"@id":"https:\/\/vilamarina.net\/hospedagem-idosos\/#organization"},"alternateName":"Vila Marina","potentialAction":[{"@type":"SearchAction","target":{"@type":"EntryPoint","urlTemplate":"https:\/\/vilamarina.net\/hospedagem-idosos\/?s={search_term_string}"},"query-input":{"@type":"PropertyValueSpecification","valueRequired":true,"valueName":"search_term_string"}}],"inLanguage":"pt-BR"},{"@type":"Organization","@id":"https:\/\/vilamarina.net\/hospedagem-idosos\/#organization","name":"Vila Marina | Casa de Repouso e Hospedagem para Idosos RJ","url":"https:\/\/vilamarina.net\/hospedagem-idosos\/","logo":{"@type":"ImageObject","inLanguage":"pt-BR","@id":"https:\/\/vilamarina.net\/hospedagem-idosos\/#\/schema\/logo\/image\/","url":"https:\/\/vilamarina.net\/hospedagem-idosos\/wp-content\/uploads\/2021\/03\/vila-marina-logo.png","contentUrl":"https:\/\/vilamarina.net\/hospedagem-idosos\/wp-content\/uploads\/2021\/03\/vila-marina-logo.png","width":350,"height":215,"caption":"Vila Marina | Casa de Repouso e Hospedagem para Idosos RJ"},"image":{"@id":"https:\/\/vilamarina.net\/hospedagem-idosos\/#\/schema\/logo\/image\/"}}]}},"_links":{"self":[{"href":"https:\/\/vilamarina.net\/hospedagem-idosos\/wp-json\/wp\/v2\/pages\/8191","targetHints":{"allow":["GET"]}}],"collection":[{"href":"https:\/\/vilamarina.net\/hospedagem-idosos\/wp-json\/wp\/v2\/pages"}],"about":[{"href":"https:\/\/vilamarina.net\/hospedagem-idosos\/wp-json\/wp\/v2\/types\/page"}],"author":[{"embeddable":true,"href":"https:\/\/vilamarina.net\/hospedagem-idosos\/wp-json\/wp\/v2\/users\/1"}],"replies":[{"embeddable":true,"href":"https:\/\/vilamarina.net\/hospedagem-idosos\/wp-json\/wp\/v2\/comments?post=8191"}],"version-history":[{"count":0,"href":"https:\/\/vilamarina.net\/hospedagem-idosos\/wp-json\/wp\/v2\/pages\/8191\/revisions"}],"wp:featuredmedia":[{"embeddable":true,"href":"https:\/\/vilamarina.net\/hospedagem-idosos\/wp-json\/wp\/v2\/media\/12468"}],"wp:attachment":[{"href":"https:\/\/vilamarina.net\/hospedagem-idosos\/wp-json\/wp\/v2\/media?parent=8191"}],"curies":[{"name":"wp","href":"https:\/\/api.w.org\/{rel}","templated":true}]}}