{"id":9309,"date":"2016-06-28T19:46:32","date_gmt":"2016-06-28T19:46:32","guid":{"rendered":"https:\/\/vilamarina.net\/hospedagem-idosos\/\/?page_id=9309"},"modified":"2024-08-29T12:34:04","modified_gmt":"2024-08-29T15:34:04","slug":"trabalhe-conosco","status":"publish","type":"page","link":"https:\/\/vilamarina.net\/hospedagem-idosos\/trabalhe-conosco\/","title":{"rendered":"Trabalhe Conosco"},"content":{"rendered":"\t\t<div data-elementor-type=\"wp-page\" data-elementor-id=\"9309\" class=\"elementor elementor-9309\" data-elementor-post-type=\"page\">\n\t\t\t\t\t\t<section class=\"elementor-section elementor-top-section elementor-element elementor-element-32a458 elementor-section-boxed elementor-section-height-default elementor-section-height-default\" data-id=\"32a458\" data-element_type=\"section\" data-e-type=\"section\">\n\t\t\t\t\t\t<div class=\"elementor-container elementor-column-gap-default\">\n\t\t\t\t\t<div class=\"elementor-column elementor-col-100 elementor-top-column elementor-element elementor-element-2b8a6f15\" data-id=\"2b8a6f15\" data-element_type=\"column\" data-e-type=\"column\">\n\t\t\t<div class=\"elementor-widget-wrap elementor-element-populated\">\n\t\t\t\t\t\t<div class=\"elementor-element elementor-element-68554b2 elementor-widget elementor-widget-heading\" data-id=\"68554b2\" data-element_type=\"widget\" data-e-type=\"widget\" data-widget_type=\"heading.default\">\n\t\t\t\t\t<h2 class=\"elementor-heading-title elementor-size-default\">Trabalhe Conosco<\/h2>\t\t\t\t<\/div>\n\t\t\t\t\t<\/div>\n\t\t<\/div>\n\t\t\t\t\t<\/div>\n\t\t<\/section>\n\t\t\t\t<section class=\"elementor-section elementor-top-section elementor-element elementor-element-14b22f0c elementor-section-boxed elementor-section-height-default elementor-section-height-default\" data-id=\"14b22f0c\" data-element_type=\"section\" data-e-type=\"section\" data-settings=\"{&quot;background_background&quot;:&quot;classic&quot;}\">\n\t\t\t\t\t\t\t<div class=\"elementor-background-overlay\"><\/div>\n\t\t\t\t\t\t\t<div class=\"elementor-container elementor-column-gap-no\">\n\t\t\t\t\t<div class=\"elementor-column elementor-col-100 elementor-top-column elementor-element elementor-element-478ed629\" data-id=\"478ed629\" data-element_type=\"column\" data-e-type=\"column\">\n\t\t\t<div class=\"elementor-widget-wrap elementor-element-populated\">\n\t\t\t\t\t\t<section class=\"elementor-section elementor-inner-section elementor-element elementor-element-4e735b87 elementor-section-boxed elementor-section-height-default elementor-section-height-default elementor-invisible\" data-id=\"4e735b87\" data-element_type=\"section\" data-e-type=\"section\" data-settings=\"{&quot;animation&quot;:&quot;fadeInUp&quot;}\">\n\t\t\t\t\t\t<div class=\"elementor-container elementor-column-gap-no\">\n\t\t\t\t\t<div class=\"elementor-column elementor-col-100 elementor-inner-column elementor-element elementor-element-569a3cf5\" data-id=\"569a3cf5\" data-element_type=\"column\" data-e-type=\"column\">\n\t\t\t<div class=\"elementor-widget-wrap elementor-element-populated\">\n\t\t\t\t\t\t<div class=\"elementor-element elementor-element-5faab23c elementor-widget elementor-widget-heading\" data-id=\"5faab23c\" data-element_type=\"widget\" data-e-type=\"widget\" data-widget_type=\"heading.default\">\n\t\t\t\t\t<h1 class=\"elementor-heading-title elementor-size-default\">Quer fazer parte do nosso time? Preencha o formul\u00e1rio abaixo e boa sorte!\n<\/h1>\t\t\t\t<\/div>\n\t\t\t\t<div class=\"elementor-element elementor-element-4d3ca0d8 elementor-widget-divider--separator-type-pattern elementor-widget-divider--no-spacing elementor-widget-divider--view-line elementor-widget elementor-widget-divider\" data-id=\"4d3ca0d8\" data-element_type=\"widget\" data-e-type=\"widget\" data-widget_type=\"divider.default\">\n\t\t\t\t\t\t\t<div class=\"elementor-divider\" style=\"--divider-pattern-url: url(&quot;data:image\/svg+xml,%3Csvg xmlns=&#039;http:\/\/www.w3.org\/2000\/svg&#039; preserveAspectRatio=&#039;xMidYMid meet&#039; overflow=&#039;visible&#039; height=&#039;100%&#039; viewBox=&#039;0 0 120 26&#039; fill=&#039;black&#039; stroke=&#039;none&#039;%3E%3Cpolygon points=&#039;0,14.4 0,21 11.5,12.4 21.3,20 30.4,11.1 40.3,20 51,12.4 60.6,20 69.6,11.1 79.3,20 90.1,12.4 99.6,20 109.7,11.1 120,21 120,14.4 109.7,5 99.6,13 90.1,5 79.3,14.5 71,5.7 60.6,12.4 51,5 40.3,14.5 31.1,5 21.3,13 11.5,5 \t&#039;\/%3E%3C\/svg%3E&quot;);\">\n\t\t\t<span class=\"elementor-divider-separator\">\n\t\t\t\t\t\t<\/span>\n\t\t<\/div>\n\t\t\t\t\t\t<\/div>\n\t\t\t\t<div class=\"elementor-element elementor-element-13d49e3 elementor-widget elementor-widget-heading\" data-id=\"13d49e3\" data-element_type=\"widget\" data-e-type=\"widget\" data-widget_type=\"heading.default\">\n\t\t\t\t\t<h3 class=\"elementor-heading-title elementor-size-default\">.<\/h3>\t\t\t\t<\/div>\n\t\t\t\t\t<\/div>\n\t\t<\/div>\n\t\t\t\t\t<\/div>\n\t\t<\/section>\n\t\t\t\t\t<\/div>\n\t\t<\/div>\n\t\t\t\t\t<\/div>\n\t\t<\/section>\n\t\t\t\t<section class=\"elementor-section elementor-top-section elementor-element elementor-element-6e3da071 elementor-section-boxed elementor-section-height-default elementor-section-height-default\" data-id=\"6e3da071\" data-element_type=\"section\" data-e-type=\"section\">\n\t\t\t\t\t\t<div class=\"elementor-container elementor-column-gap-no\">\n\t\t\t\t\t<div class=\"elementor-column elementor-col-100 elementor-top-column elementor-element elementor-element-5740ad09 elementor-invisible\" data-id=\"5740ad09\" data-element_type=\"column\" data-e-type=\"column\" data-settings=\"{&quot;background_background&quot;:&quot;classic&quot;,&quot;animation&quot;:&quot;fadeInRight&quot;}\">\n\t\t\t<div class=\"elementor-widget-wrap elementor-element-populated\">\n\t\t\t\t\t<div class=\"elementor-background-overlay\"><\/div>\n\t\t\t\t\t\t<div class=\"elementor-element elementor-element-420fcd96 elementor-button-align-stretch elementor-widget elementor-widget-form\" data-id=\"420fcd96\" data-element_type=\"widget\" data-e-type=\"widget\" data-settings=\"{&quot;step_next_label&quot;:&quot;Next&quot;,&quot;step_previous_label&quot;:&quot;Previous&quot;,&quot;button_width&quot;:&quot;100&quot;,&quot;step_type&quot;:&quot;number_text&quot;,&quot;step_icon_shape&quot;:&quot;circle&quot;}\" data-widget_type=\"form.default\">\n\t\t\t\t\t\t\t<form class=\"elementor-form\" method=\"post\" name=\"Trabalhe Conosco\" aria-label=\"Trabalhe Conosco\">\n\t\t\t<input type=\"hidden\" name=\"post_id\" value=\"9309\"\/>\n\t\t\t<input type=\"hidden\" name=\"form_id\" value=\"420fcd96\"\/>\n\t\t\t<input type=\"hidden\" name=\"referer_title\" value=\"Trabalhe Conosco &#8226; Vila Marina &#8226; Casa de Repouso Tijuca Zona Norte RJ\" \/>\n\n\t\t\t\t\t\t\t<input type=\"hidden\" name=\"queried_id\" value=\"9309\"\/>\n\t\t\t\n\t\t\t<div class=\"elementor-form-fields-wrapper elementor-labels-above\">\n\t\t\t\t\t\t\t\t<div class=\"elementor-field-type-text elementor-field-group elementor-column elementor-field-group-name elementor-col-50\">\n\t\t\t\t\t\t\t\t\t\t\t\t\t<input size=\"1\" type=\"text\" name=\"form_fields[name]\" id=\"form-field-name\" class=\"elementor-field elementor-size-sm  elementor-field-textual\" placeholder=\"Nome\">\n\t\t\t\t\t\t\t\t\t\t\t<\/div>\n\t\t\t\t\t\t\t\t<div class=\"elementor-field-type-text elementor-field-group elementor-column elementor-field-group-field_59ee64e elementor-col-50\">\n\t\t\t\t\t\t\t\t\t\t\t\t\t<input size=\"1\" type=\"text\" name=\"form_fields[field_59ee64e]\" id=\"form-field-field_59ee64e\" class=\"elementor-field elementor-size-sm  elementor-field-textual\" placeholder=\"Telefone\">\n\t\t\t\t\t\t\t\t\t\t\t<\/div>\n\t\t\t\t\t\t\t\t<div class=\"elementor-field-type-email elementor-field-group elementor-column elementor-field-group-email elementor-col-50 elementor-field-required\">\n\t\t\t\t\t\t\t\t\t\t\t\t\t<input size=\"1\" type=\"email\" name=\"form_fields[email]\" id=\"form-field-email\" class=\"elementor-field elementor-size-sm  elementor-field-textual\" placeholder=\"Email\" required=\"required\">\n\t\t\t\t\t\t\t\t\t\t\t<\/div>\n\t\t\t\t\t\t\t\t<div class=\"elementor-field-type-text elementor-field-group elementor-column elementor-field-group-field_0046f1f elementor-col-50\">\n\t\t\t\t\t\t\t\t\t\t\t\t\t<input size=\"1\" type=\"text\" name=\"form_fields[field_0046f1f]\" id=\"form-field-field_0046f1f\" class=\"elementor-field elementor-size-sm  elementor-field-textual\" placeholder=\"\u00c1rea de atua\u00e7\u00e3o\">\n\t\t\t\t\t\t\t\t\t\t\t<\/div>\n\t\t\t\t\t\t\t\t<div class=\"elementor-field-group elementor-column elementor-field-type-submit elementor-col-100 e-form__buttons\">\n\t\t\t\t\t<button class=\"elementor-button elementor-size-sm\" type=\"submit\">\n\t\t\t\t\t\t<span class=\"elementor-button-content-wrapper\">\n\t\t\t\t\t\t\t\t\t\t\t\t\t\t\t\t\t\t\t\t\t\t<span class=\"elementor-button-text\">Enviar<\/span>\n\t\t\t\t\t\t\t\t\t\t\t\t\t<\/span>\n\t\t\t\t\t<\/button>\n\t\t\t\t<\/div>\n\t\t\t<\/div>\n\t\t<\/form>\n\t\t\t\t\t\t<\/div>\n\t\t\t\t\t<\/div>\n\t\t<\/div>\n\t\t\t\t\t<\/div>\n\t\t<\/section>\n\t\t\t\t<\/div>\n\t\t","protected":false},"excerpt":{"rendered":"<p>Trabalhe Conosco Quer fazer parte do nosso time? Preencha o formul\u00e1rio abaixo e boa sorte! .<\/p>\n","protected":false},"author":1,"featured_media":12513,"parent":0,"menu_order":0,"comment_status":"open","ping_status":"closed","template":"elementor_header_footer","meta":{"footnotes":""},"class_list":["post-9309","page","type-page","status-publish","has-post-thumbnail","hentry"],"yoast_head":"<!-- This site is optimized with the Yoast SEO plugin v27.4 - https:\/\/yoast.com\/product\/yoast-seo-wordpress\/ -->\n<title>Trabalhe Conosco &#8226; Vila Marina &#8226; Casa de Repouso Tijuca Zona Norte RJ<\/title>\n<meta name=\"robots\" content=\"index, follow, max-snippet:-1, max-image-preview:large, max-video-preview:-1\" \/>\n<link rel=\"canonical\" href=\"https:\/\/vilamarina.net\/hospedagem-idosos\/trabalhe-conosco\/\" \/>\n<meta property=\"og:locale\" content=\"pt_BR\" \/>\n<meta property=\"og:type\" content=\"article\" \/>\n<meta property=\"og:title\" content=\"Trabalhe Conosco &#8226; Vila Marina &#8226; Casa de Repouso Tijuca Zona Norte RJ\" \/>\n<meta property=\"og:description\" content=\"Trabalhe Conosco Quer fazer parte do nosso time? Preencha o formul\u00e1rio abaixo e boa sorte! .\" \/>\n<meta property=\"og:url\" content=\"https:\/\/vilamarina.net\/hospedagem-idosos\/trabalhe-conosco\/\" \/>\n<meta property=\"og:site_name\" content=\"Vila Marina\" \/>\n<meta property=\"article:modified_time\" content=\"2024-08-29T15:34:04+00:00\" \/>\n<meta property=\"og:image\" content=\"https:\/\/vilamarina.net\/hospedagem-idosos\/wp-content\/uploads\/2023\/04\/blogMar01-1.jpg\" \/>\n\t<meta property=\"og:image:width\" content=\"1920\" \/>\n\t<meta property=\"og:image:height\" content=\"1280\" \/>\n\t<meta property=\"og:image:type\" content=\"image\/jpeg\" \/>\n<meta name=\"twitter:card\" content=\"summary_large_image\" \/>\n<script type=\"application\/ld+json\" class=\"yoast-schema-graph\">{\"@context\":\"https:\\\/\\\/schema.org\",\"@graph\":[{\"@type\":\"WebPage\",\"@id\":\"https:\\\/\\\/vilamarina.net\\\/hospedagem-idosos\\\/trabalhe-conosco\\\/\",\"url\":\"https:\\\/\\\/vilamarina.net\\\/hospedagem-idosos\\\/trabalhe-conosco\\\/\",\"name\":\"Trabalhe Conosco &#8226; Vila Marina &#8226; Casa de Repouso Tijuca Zona Norte RJ\",\"isPartOf\":{\"@id\":\"https:\\\/\\\/vilamarina.net\\\/hospedagem-idosos\\\/#website\"},\"primaryImageOfPage\":{\"@id\":\"https:\\\/\\\/vilamarina.net\\\/hospedagem-idosos\\\/trabalhe-conosco\\\/#primaryimage\"},\"image\":{\"@id\":\"https:\\\/\\\/vilamarina.net\\\/hospedagem-idosos\\\/trabalhe-conosco\\\/#primaryimage\"},\"thumbnailUrl\":\"https:\\\/\\\/vilamarina.net\\\/hospedagem-idosos\\\/wp-content\\\/uploads\\\/2023\\\/04\\\/blogMar01-1.jpg\",\"datePublished\":\"2016-06-28T19:46:32+00:00\",\"dateModified\":\"2024-08-29T15:34:04+00:00\",\"breadcrumb\":{\"@id\":\"https:\\\/\\\/vilamarina.net\\\/hospedagem-idosos\\\/trabalhe-conosco\\\/#breadcrumb\"},\"inLanguage\":\"pt-BR\",\"potentialAction\":[{\"@type\":\"ReadAction\",\"target\":[\"https:\\\/\\\/vilamarina.net\\\/hospedagem-idosos\\\/trabalhe-conosco\\\/\"]}]},{\"@type\":\"ImageObject\",\"inLanguage\":\"pt-BR\",\"@id\":\"https:\\\/\\\/vilamarina.net\\\/hospedagem-idosos\\\/trabalhe-conosco\\\/#primaryimage\",\"url\":\"https:\\\/\\\/vilamarina.net\\\/hospedagem-idosos\\\/wp-content\\\/uploads\\\/2023\\\/04\\\/blogMar01-1.jpg\",\"contentUrl\":\"https:\\\/\\\/vilamarina.net\\\/hospedagem-idosos\\\/wp-content\\\/uploads\\\/2023\\\/04\\\/blogMar01-1.jpg\",\"width\":1920,\"height\":1280},{\"@type\":\"BreadcrumbList\",\"@id\":\"https:\\\/\\\/vilamarina.net\\\/hospedagem-idosos\\\/trabalhe-conosco\\\/#breadcrumb\",\"itemListElement\":[{\"@type\":\"ListItem\",\"position\":1,\"name\":\"In\u00edcio\",\"item\":\"https:\\\/\\\/vilamarina.net\\\/hospedagem-idosos\\\/\"},{\"@type\":\"ListItem\",\"position\":2,\"name\":\"Trabalhe Conosco\"}]},{\"@type\":\"WebSite\",\"@id\":\"https:\\\/\\\/vilamarina.net\\\/hospedagem-idosos\\\/#website\",\"url\":\"https:\\\/\\\/vilamarina.net\\\/hospedagem-idosos\\\/\",\"name\":\"Vila Marina Hospedagem de Idosos\",\"description\":\"Conhe\u00e7a a Vila Marina, lar e hospedagem para idosos em Vila Isabel. Infraestrutura completa com fisioterapia, nutri\u00e7\u00e3o, musicoterapia e cuidados especializados. Qualidade de vida e seguran\u00e7a para sua fam\u00edlia. Saiba mais!\",\"publisher\":{\"@id\":\"https:\\\/\\\/vilamarina.net\\\/hospedagem-idosos\\\/#organization\"},\"alternateName\":\"Vila Marina\",\"potentialAction\":[{\"@type\":\"SearchAction\",\"target\":{\"@type\":\"EntryPoint\",\"urlTemplate\":\"https:\\\/\\\/vilamarina.net\\\/hospedagem-idosos\\\/?s={search_term_string}\"},\"query-input\":{\"@type\":\"PropertyValueSpecification\",\"valueRequired\":true,\"valueName\":\"search_term_string\"}}],\"inLanguage\":\"pt-BR\"},{\"@type\":\"Organization\",\"@id\":\"https:\\\/\\\/vilamarina.net\\\/hospedagem-idosos\\\/#organization\",\"name\":\"Vila Marina | Casa de Repouso e Hospedagem para Idosos RJ\",\"url\":\"https:\\\/\\\/vilamarina.net\\\/hospedagem-idosos\\\/\",\"logo\":{\"@type\":\"ImageObject\",\"inLanguage\":\"pt-BR\",\"@id\":\"https:\\\/\\\/vilamarina.net\\\/hospedagem-idosos\\\/#\\\/schema\\\/logo\\\/image\\\/\",\"url\":\"https:\\\/\\\/vilamarina.net\\\/hospedagem-idosos\\\/wp-content\\\/uploads\\\/2021\\\/03\\\/vila-marina-logo.png\",\"contentUrl\":\"https:\\\/\\\/vilamarina.net\\\/hospedagem-idosos\\\/wp-content\\\/uploads\\\/2021\\\/03\\\/vila-marina-logo.png\",\"width\":350,\"height\":215,\"caption\":\"Vila Marina | Casa de Repouso e Hospedagem para Idosos RJ\"},\"image\":{\"@id\":\"https:\\\/\\\/vilamarina.net\\\/hospedagem-idosos\\\/#\\\/schema\\\/logo\\\/image\\\/\"}}]}<\/script>\n<!-- \/ Yoast SEO plugin. -->","yoast_head_json":{"title":"Trabalhe Conosco &#8226; Vila Marina &#8226; Casa de Repouso Tijuca Zona Norte RJ","robots":{"index":"index","follow":"follow","max-snippet":"max-snippet:-1","max-image-preview":"max-image-preview:large","max-video-preview":"max-video-preview:-1"},"canonical":"https:\/\/vilamarina.net\/hospedagem-idosos\/trabalhe-conosco\/","og_locale":"pt_BR","og_type":"article","og_title":"Trabalhe Conosco &#8226; Vila Marina &#8226; Casa de Repouso Tijuca Zona Norte RJ","og_description":"Trabalhe Conosco Quer fazer parte do nosso time? Preencha o formul\u00e1rio abaixo e boa sorte! .","og_url":"https:\/\/vilamarina.net\/hospedagem-idosos\/trabalhe-conosco\/","og_site_name":"Vila Marina","article_modified_time":"2024-08-29T15:34:04+00:00","og_image":[{"width":1920,"height":1280,"url":"https:\/\/vilamarina.net\/hospedagem-idosos\/wp-content\/uploads\/2023\/04\/blogMar01-1.jpg","type":"image\/jpeg"}],"twitter_card":"summary_large_image","schema":{"@context":"https:\/\/schema.org","@graph":[{"@type":"WebPage","@id":"https:\/\/vilamarina.net\/hospedagem-idosos\/trabalhe-conosco\/","url":"https:\/\/vilamarina.net\/hospedagem-idosos\/trabalhe-conosco\/","name":"Trabalhe Conosco &#8226; Vila Marina &#8226; Casa de Repouso Tijuca Zona Norte RJ","isPartOf":{"@id":"https:\/\/vilamarina.net\/hospedagem-idosos\/#website"},"primaryImageOfPage":{"@id":"https:\/\/vilamarina.net\/hospedagem-idosos\/trabalhe-conosco\/#primaryimage"},"image":{"@id":"https:\/\/vilamarina.net\/hospedagem-idosos\/trabalhe-conosco\/#primaryimage"},"thumbnailUrl":"https:\/\/vilamarina.net\/hospedagem-idosos\/wp-content\/uploads\/2023\/04\/blogMar01-1.jpg","datePublished":"2016-06-28T19:46:32+00:00","dateModified":"2024-08-29T15:34:04+00:00","breadcrumb":{"@id":"https:\/\/vilamarina.net\/hospedagem-idosos\/trabalhe-conosco\/#breadcrumb"},"inLanguage":"pt-BR","potentialAction":[{"@type":"ReadAction","target":["https:\/\/vilamarina.net\/hospedagem-idosos\/trabalhe-conosco\/"]}]},{"@type":"ImageObject","inLanguage":"pt-BR","@id":"https:\/\/vilamarina.net\/hospedagem-idosos\/trabalhe-conosco\/#primaryimage","url":"https:\/\/vilamarina.net\/hospedagem-idosos\/wp-content\/uploads\/2023\/04\/blogMar01-1.jpg","contentUrl":"https:\/\/vilamarina.net\/hospedagem-idosos\/wp-content\/uploads\/2023\/04\/blogMar01-1.jpg","width":1920,"height":1280},{"@type":"BreadcrumbList","@id":"https:\/\/vilamarina.net\/hospedagem-idosos\/trabalhe-conosco\/#breadcrumb","itemListElement":[{"@type":"ListItem","position":1,"name":"In\u00edcio","item":"https:\/\/vilamarina.net\/hospedagem-idosos\/"},{"@type":"ListItem","position":2,"name":"Trabalhe Conosco"}]},{"@type":"WebSite","@id":"https:\/\/vilamarina.net\/hospedagem-idosos\/#website","url":"https:\/\/vilamarina.net\/hospedagem-idosos\/","name":"Vila Marina Hospedagem de Idosos","description":"Conhe\u00e7a a Vila Marina, lar e hospedagem para idosos em Vila Isabel. Infraestrutura completa com fisioterapia, nutri\u00e7\u00e3o, musicoterapia e cuidados especializados. Qualidade de vida e seguran\u00e7a para sua fam\u00edlia. Saiba mais!","publisher":{"@id":"https:\/\/vilamarina.net\/hospedagem-idosos\/#organization"},"alternateName":"Vila Marina","potentialAction":[{"@type":"SearchAction","target":{"@type":"EntryPoint","urlTemplate":"https:\/\/vilamarina.net\/hospedagem-idosos\/?s={search_term_string}"},"query-input":{"@type":"PropertyValueSpecification","valueRequired":true,"valueName":"search_term_string"}}],"inLanguage":"pt-BR"},{"@type":"Organization","@id":"https:\/\/vilamarina.net\/hospedagem-idosos\/#organization","name":"Vila Marina | Casa de Repouso e Hospedagem para Idosos RJ","url":"https:\/\/vilamarina.net\/hospedagem-idosos\/","logo":{"@type":"ImageObject","inLanguage":"pt-BR","@id":"https:\/\/vilamarina.net\/hospedagem-idosos\/#\/schema\/logo\/image\/","url":"https:\/\/vilamarina.net\/hospedagem-idosos\/wp-content\/uploads\/2021\/03\/vila-marina-logo.png","contentUrl":"https:\/\/vilamarina.net\/hospedagem-idosos\/wp-content\/uploads\/2021\/03\/vila-marina-logo.png","width":350,"height":215,"caption":"Vila Marina | Casa de Repouso e Hospedagem para Idosos RJ"},"image":{"@id":"https:\/\/vilamarina.net\/hospedagem-idosos\/#\/schema\/logo\/image\/"}}]}},"_links":{"self":[{"href":"https:\/\/vilamarina.net\/hospedagem-idosos\/wp-json\/wp\/v2\/pages\/9309","targetHints":{"allow":["GET"]}}],"collection":[{"href":"https:\/\/vilamarina.net\/hospedagem-idosos\/wp-json\/wp\/v2\/pages"}],"about":[{"href":"https:\/\/vilamarina.net\/hospedagem-idosos\/wp-json\/wp\/v2\/types\/page"}],"author":[{"embeddable":true,"href":"https:\/\/vilamarina.net\/hospedagem-idosos\/wp-json\/wp\/v2\/users\/1"}],"replies":[{"embeddable":true,"href":"https:\/\/vilamarina.net\/hospedagem-idosos\/wp-json\/wp\/v2\/comments?post=9309"}],"version-history":[{"count":0,"href":"https:\/\/vilamarina.net\/hospedagem-idosos\/wp-json\/wp\/v2\/pages\/9309\/revisions"}],"wp:featuredmedia":[{"embeddable":true,"href":"https:\/\/vilamarina.net\/hospedagem-idosos\/wp-json\/wp\/v2\/media\/12513"}],"wp:attachment":[{"href":"https:\/\/vilamarina.net\/hospedagem-idosos\/wp-json\/wp\/v2\/media?parent=9309"}],"curies":[{"name":"wp","href":"https:\/\/api.w.org\/{rel}","templated":true}]}}