{"id":9712,"date":"2016-12-12T16:56:09","date_gmt":"2016-12-12T16:56:09","guid":{"rendered":"https:\/\/vilamarina.net\/hospedagem-idosos\/?page_id=9712"},"modified":"2024-08-29T12:31:53","modified_gmt":"2024-08-29T15:31:53","slug":"equipe-multidisciplinar","status":"publish","type":"page","link":"https:\/\/vilamarina.net\/hospedagem-idosos\/equipe-multidisciplinar\/","title":{"rendered":"Equipe Multidisciplinar"},"content":{"rendered":"\t\t<div data-elementor-type=\"wp-page\" data-elementor-id=\"9712\" class=\"elementor elementor-9712\" data-elementor-post-type=\"page\">\n\t\t\t\t\t\t<section class=\"elementor-section elementor-top-section elementor-element elementor-element-4cf47446 elementor-section-boxed elementor-section-height-default elementor-section-height-default\" data-id=\"4cf47446\" data-element_type=\"section\" data-e-type=\"section\" data-settings=\"{&quot;background_background&quot;:&quot;classic&quot;}\">\n\t\t\t\t\t\t\t<div class=\"elementor-background-overlay\"><\/div>\n\t\t\t\t\t\t\t<div class=\"elementor-container elementor-column-gap-no\">\n\t\t\t\t\t<div class=\"elementor-column elementor-col-100 elementor-top-column elementor-element elementor-element-6463f55\" data-id=\"6463f55\" data-element_type=\"column\" data-e-type=\"column\">\n\t\t\t<div class=\"elementor-widget-wrap elementor-element-populated\">\n\t\t\t\t\t\t<section class=\"elementor-section elementor-inner-section elementor-element elementor-element-7c021c45 elementor-section-boxed elementor-section-height-default elementor-section-height-default elementor-invisible\" data-id=\"7c021c45\" data-element_type=\"section\" data-e-type=\"section\" data-settings=\"{&quot;animation&quot;:&quot;fadeInUp&quot;}\">\n\t\t\t\t\t\t<div class=\"elementor-container elementor-column-gap-no\">\n\t\t\t\t\t<div class=\"elementor-column elementor-col-100 elementor-inner-column elementor-element elementor-element-5c1a6d3e\" data-id=\"5c1a6d3e\" data-element_type=\"column\" data-e-type=\"column\">\n\t\t\t<div class=\"elementor-widget-wrap elementor-element-populated\">\n\t\t\t\t\t\t<div class=\"elementor-element elementor-element-35db9d25 elementor-widget elementor-widget-heading\" data-id=\"35db9d25\" data-element_type=\"widget\" data-e-type=\"widget\" data-widget_type=\"heading.default\">\n\t\t\t\t\t<h1 class=\"elementor-heading-title elementor-size-default\">Conhe\u00e7a nosso Time<\/h1>\t\t\t\t<\/div>\n\t\t\t\t<div class=\"elementor-element elementor-element-5779bfb6 elementor-widget__width-auto elementor-absolute elementor-widget elementor-widget-heading\" data-id=\"5779bfb6\" data-element_type=\"widget\" data-e-type=\"widget\" data-settings=\"{&quot;_position&quot;:&quot;absolute&quot;}\" data-widget_type=\"heading.default\">\n\t\t\t\t\t<div class=\"elementor-heading-title elementor-size-default\">Equipe<\/div>\t\t\t\t<\/div>\n\t\t\t\t<div class=\"elementor-element elementor-element-1d4b83c1 elementor-widget-divider--separator-type-pattern elementor-widget-divider--view-line elementor-widget elementor-widget-divider\" data-id=\"1d4b83c1\" data-element_type=\"widget\" data-e-type=\"widget\" data-widget_type=\"divider.default\">\n\t\t\t\t\t\t\t<div class=\"elementor-divider\" style=\"--divider-pattern-url: url(&quot;data:image\/svg+xml,%3Csvg xmlns=&#039;http:\/\/www.w3.org\/2000\/svg&#039; preserveAspectRatio=&#039;none&#039; overflow=&#039;visible&#039; height=&#039;100%&#039; viewBox=&#039;0 0 24 24&#039; fill=&#039;black&#039; stroke=&#039;none&#039;%3E%3Cpolygon points=&#039;9.4,2 24,2 14.6,21.6 0,21.6&#039;\/%3E%3C\/svg%3E&quot;);\">\n\t\t\t<span class=\"elementor-divider-separator\">\n\t\t\t\t\t\t<\/span>\n\t\t<\/div>\n\t\t\t\t\t\t<\/div>\n\t\t\t\t\t<\/div>\n\t\t<\/div>\n\t\t\t\t\t<\/div>\n\t\t<\/section>\n\t\t\t\t<section class=\"elementor-section elementor-inner-section elementor-element elementor-element-34f3be0a elementor-section-boxed elementor-section-height-default elementor-section-height-default\" data-id=\"34f3be0a\" data-element_type=\"section\" data-e-type=\"section\">\n\t\t\t\t\t\t<div class=\"elementor-container elementor-column-gap-no\">\n\t\t\t\t\t<div class=\"elementor-column elementor-col-25 elementor-inner-column elementor-element elementor-element-36f919bb elementor-invisible\" data-id=\"36f919bb\" data-element_type=\"column\" data-e-type=\"column\" data-settings=\"{&quot;animation&quot;:&quot;fadeInRight&quot;,&quot;animation_delay&quot;:100}\">\n\t\t\t<div class=\"elementor-widget-wrap elementor-element-populated\">\n\t\t\t\t\t\t<div class=\"elementor-element elementor-element-71f5de8d elementor-widget elementor-widget-heading\" data-id=\"71f5de8d\" data-element_type=\"widget\" data-e-type=\"widget\" data-widget_type=\"heading.default\">\n\t\t\t\t\t<h3 class=\"elementor-heading-title elementor-size-default\">M\u00c9DICO GERIATRA<\/h3>\t\t\t\t<\/div>\n\t\t\t\t<div class=\"elementor-element elementor-element-609bdce2 elementor-widget elementor-widget-heading\" data-id=\"609bdce2\" data-element_type=\"widget\" data-e-type=\"widget\" data-widget_type=\"heading.default\">\n\t\t\t\t\t<h2 class=\"elementor-heading-title elementor-size-default\">Acompanhamento m\u00e9dico geriatra tr\u00eas vezes por semana.<\/h2>\t\t\t\t<\/div>\n\t\t\t\t\t<\/div>\n\t\t<\/div>\n\t\t\t\t<div class=\"elementor-column elementor-col-25 elementor-inner-column elementor-element elementor-element-711ca3b5 elementor-invisible\" data-id=\"711ca3b5\" data-element_type=\"column\" data-e-type=\"column\" data-settings=\"{&quot;animation&quot;:&quot;fadeInRight&quot;,&quot;animation_delay&quot;:200}\">\n\t\t\t<div class=\"elementor-widget-wrap elementor-element-populated\">\n\t\t\t\t\t\t<div class=\"elementor-element elementor-element-6b027db2 elementor-widget elementor-widget-heading\" data-id=\"6b027db2\" data-element_type=\"widget\" data-e-type=\"widget\" data-widget_type=\"heading.default\">\n\t\t\t\t\t<h2 class=\"elementor-heading-title elementor-size-default\">FISIOTERAPEUTAS<\/h2>\t\t\t\t<\/div>\n\t\t\t\t<div class=\"elementor-element elementor-element-2a7722f elementor-widget elementor-widget-heading\" data-id=\"2a7722f\" data-element_type=\"widget\" data-e-type=\"widget\" data-widget_type=\"heading.default\">\n\t\t\t\t\t<h2 class=\"elementor-heading-title elementor-size-default\">Tratamento fisioter\u00e1pico individualizado, realizado em um espa\u00e7o dedicado em nossas depend\u00eancias.<\/h2>\t\t\t\t<\/div>\n\t\t\t\t\t<\/div>\n\t\t<\/div>\n\t\t\t\t<div class=\"elementor-column elementor-col-25 elementor-inner-column elementor-element elementor-element-2ab62000 elementor-invisible\" data-id=\"2ab62000\" data-element_type=\"column\" data-e-type=\"column\" data-settings=\"{&quot;animation&quot;:&quot;fadeInRight&quot;,&quot;animation_delay&quot;:300}\">\n\t\t\t<div class=\"elementor-widget-wrap elementor-element-populated\">\n\t\t\t\t\t\t<div class=\"elementor-element elementor-element-3f9ed959 elementor-widget elementor-widget-heading\" data-id=\"3f9ed959\" data-element_type=\"widget\" data-e-type=\"widget\" data-widget_type=\"heading.default\">\n\t\t\t\t\t<h2 class=\"elementor-heading-title elementor-size-default\">TERAPIA OCUPACIONAL \/ ARTETERAPIA \/ ATIVIDADES COM M\u00daSICA E MEM\u00d3RIA\/ DAN\u00c7A S\u00caNIOR\/ EDUCA\u00c7\u00c3O F\u00cdSICA \/ YOGA<\/h2>\t\t\t\t<\/div>\n\t\t\t\t\t<\/div>\n\t\t<\/div>\n\t\t\t\t<div class=\"elementor-column elementor-col-25 elementor-inner-column elementor-element elementor-element-365e06af elementor-invisible\" data-id=\"365e06af\" data-element_type=\"column\" data-e-type=\"column\" data-settings=\"{&quot;animation&quot;:&quot;fadeInRight&quot;,&quot;animation_delay&quot;:400}\">\n\t\t\t<div class=\"elementor-widget-wrap elementor-element-populated\">\n\t\t\t\t\t\t<div class=\"elementor-element elementor-element-4615f7cf elementor-widget elementor-widget-heading\" data-id=\"4615f7cf\" data-element_type=\"widget\" data-e-type=\"widget\" data-widget_type=\"heading.default\">\n\t\t\t\t\t<h2 class=\"elementor-heading-title elementor-size-default\">FONOAUDI\u00d3LOGA<\/h2>\t\t\t\t<\/div>\n\t\t\t\t<div class=\"elementor-element elementor-element-193e1cf7 elementor-widget elementor-widget-heading\" data-id=\"193e1cf7\" data-element_type=\"widget\" data-e-type=\"widget\" data-widget_type=\"heading.default\">\n\t\t\t\t\t<h2 class=\"elementor-heading-title elementor-size-default\">Profissional respons\u00e1vel pela preven\u00e7\u00e3o, avalia\u00e7\u00e3o, diagn\u00f3stico e tratamento dos transtornos relacionados ao equil\u00edbrio, fala, degluti\u00e7\u00e3o e motricidade orofacial.<\/h2>\t\t\t\t<\/div>\n\t\t\t\t\t<\/div>\n\t\t<\/div>\n\t\t\t\t\t<\/div>\n\t\t<\/section>\n\t\t\t\t\t<\/div>\n\t\t<\/div>\n\t\t\t\t\t<\/div>\n\t\t<\/section>\n\t\t\t\t<\/div>\n\t\t","protected":false},"excerpt":{"rendered":"<p>Conhe\u00e7a nosso Time Equipe M\u00c9DICO GERIATRA Acompanhamento m\u00e9dico geriatra tr\u00eas vezes por semana. FISIOTERAPEUTAS Tratamento fisioter\u00e1pico individualizado, realizado em um espa\u00e7o dedicado em nossas depend\u00eancias. TERAPIA OCUPACIONAL \/ ARTETERAPIA \/ ATIVIDADES COM M\u00daSICA E MEM\u00d3RIA\/ DAN\u00c7A S\u00caNIOR\/ EDUCA\u00c7\u00c3O F\u00cdSICA \/ YOGA FONOAUDI\u00d3LOGA Profissional respons\u00e1vel pela preven\u00e7\u00e3o, avalia\u00e7\u00e3o, diagn\u00f3stico e tratamento dos transtornos relacionados ao equil\u00edbrio, [&hellip;]<\/p>\n","protected":false},"author":1,"featured_media":12398,"parent":0,"menu_order":0,"comment_status":"open","ping_status":"open","template":"elementor_header_footer","meta":{"footnotes":""},"class_list":["post-9712","page","type-page","status-publish","has-post-thumbnail","hentry"],"yoast_head":"<!-- This site is optimized with the Yoast SEO plugin v27.4 - https:\/\/yoast.com\/product\/yoast-seo-wordpress\/ -->\n<title>Equipe Multidisciplinar &#8226; Casa de Repouso Tijuca Zona Norte RJ<\/title>\n<meta name=\"robots\" content=\"index, follow, max-snippet:-1, max-image-preview:large, max-video-preview:-1\" \/>\n<link rel=\"canonical\" href=\"https:\/\/vilamarina.net\/hospedagem-idosos\/equipe-multidisciplinar\/\" \/>\n<meta property=\"og:locale\" content=\"pt_BR\" \/>\n<meta property=\"og:type\" content=\"article\" \/>\n<meta property=\"og:title\" content=\"Equipe Multidisciplinar &#8226; Casa de Repouso Tijuca Zona Norte RJ\" \/>\n<meta property=\"og:description\" content=\"Conhe\u00e7a nosso Time Equipe M\u00c9DICO GERIATRA Acompanhamento m\u00e9dico geriatra tr\u00eas vezes por semana. FISIOTERAPEUTAS Tratamento fisioter\u00e1pico individualizado, realizado em um espa\u00e7o dedicado em nossas depend\u00eancias. TERAPIA OCUPACIONAL \/ ARTETERAPIA \/ ATIVIDADES COM M\u00daSICA E MEM\u00d3RIA\/ DAN\u00c7A S\u00caNIOR\/ EDUCA\u00c7\u00c3O F\u00cdSICA \/ YOGA FONOAUDI\u00d3LOGA Profissional respons\u00e1vel pela preven\u00e7\u00e3o, avalia\u00e7\u00e3o, diagn\u00f3stico e tratamento dos transtornos relacionados ao equil\u00edbrio, [&hellip;]\" \/>\n<meta property=\"og:url\" content=\"https:\/\/vilamarina.net\/hospedagem-idosos\/equipe-multidisciplinar\/\" \/>\n<meta property=\"og:site_name\" content=\"Vila Marina\" \/>\n<meta property=\"article:modified_time\" content=\"2024-08-29T15:31:53+00:00\" \/>\n<meta property=\"og:image\" content=\"https:\/\/vilamarina.net\/hospedagem-idosos\/wp-content\/uploads\/2022\/07\/Direitos-das-pessoa-idosa.png\" \/>\n\t<meta property=\"og:image:width\" content=\"1499\" \/>\n\t<meta property=\"og:image:height\" content=\"999\" \/>\n\t<meta property=\"og:image:type\" content=\"image\/png\" \/>\n<meta name=\"twitter:card\" content=\"summary_large_image\" \/>\n<script type=\"application\/ld+json\" class=\"yoast-schema-graph\">{\"@context\":\"https:\\\/\\\/schema.org\",\"@graph\":[{\"@type\":\"WebPage\",\"@id\":\"https:\\\/\\\/vilamarina.net\\\/hospedagem-idosos\\\/equipe-multidisciplinar\\\/\",\"url\":\"https:\\\/\\\/vilamarina.net\\\/hospedagem-idosos\\\/equipe-multidisciplinar\\\/\",\"name\":\"Equipe Multidisciplinar &#8226; Casa de Repouso Tijuca Zona Norte RJ\",\"isPartOf\":{\"@id\":\"https:\\\/\\\/vilamarina.net\\\/hospedagem-idosos\\\/#website\"},\"primaryImageOfPage\":{\"@id\":\"https:\\\/\\\/vilamarina.net\\\/hospedagem-idosos\\\/equipe-multidisciplinar\\\/#primaryimage\"},\"image\":{\"@id\":\"https:\\\/\\\/vilamarina.net\\\/hospedagem-idosos\\\/equipe-multidisciplinar\\\/#primaryimage\"},\"thumbnailUrl\":\"https:\\\/\\\/vilamarina.net\\\/hospedagem-idosos\\\/wp-content\\\/uploads\\\/2022\\\/07\\\/Direitos-das-pessoa-idosa.png\",\"datePublished\":\"2016-12-12T16:56:09+00:00\",\"dateModified\":\"2024-08-29T15:31:53+00:00\",\"breadcrumb\":{\"@id\":\"https:\\\/\\\/vilamarina.net\\\/hospedagem-idosos\\\/equipe-multidisciplinar\\\/#breadcrumb\"},\"inLanguage\":\"pt-BR\",\"potentialAction\":[{\"@type\":\"ReadAction\",\"target\":[\"https:\\\/\\\/vilamarina.net\\\/hospedagem-idosos\\\/equipe-multidisciplinar\\\/\"]}]},{\"@type\":\"ImageObject\",\"inLanguage\":\"pt-BR\",\"@id\":\"https:\\\/\\\/vilamarina.net\\\/hospedagem-idosos\\\/equipe-multidisciplinar\\\/#primaryimage\",\"url\":\"https:\\\/\\\/vilamarina.net\\\/hospedagem-idosos\\\/wp-content\\\/uploads\\\/2022\\\/07\\\/Direitos-das-pessoa-idosa.png\",\"contentUrl\":\"https:\\\/\\\/vilamarina.net\\\/hospedagem-idosos\\\/wp-content\\\/uploads\\\/2022\\\/07\\\/Direitos-das-pessoa-idosa.png\",\"width\":1499,\"height\":999},{\"@type\":\"BreadcrumbList\",\"@id\":\"https:\\\/\\\/vilamarina.net\\\/hospedagem-idosos\\\/equipe-multidisciplinar\\\/#breadcrumb\",\"itemListElement\":[{\"@type\":\"ListItem\",\"position\":1,\"name\":\"In\u00edcio\",\"item\":\"https:\\\/\\\/vilamarina.net\\\/hospedagem-idosos\\\/\"},{\"@type\":\"ListItem\",\"position\":2,\"name\":\"Equipe Multidisciplinar\"}]},{\"@type\":\"WebSite\",\"@id\":\"https:\\\/\\\/vilamarina.net\\\/hospedagem-idosos\\\/#website\",\"url\":\"https:\\\/\\\/vilamarina.net\\\/hospedagem-idosos\\\/\",\"name\":\"Vila Marina Hospedagem de Idosos\",\"description\":\"Conhe\u00e7a a Vila Marina, lar e hospedagem para idosos em Vila Isabel. Infraestrutura completa com fisioterapia, nutri\u00e7\u00e3o, musicoterapia e cuidados especializados. Qualidade de vida e seguran\u00e7a para sua fam\u00edlia. Saiba mais!\",\"publisher\":{\"@id\":\"https:\\\/\\\/vilamarina.net\\\/hospedagem-idosos\\\/#organization\"},\"alternateName\":\"Vila Marina\",\"potentialAction\":[{\"@type\":\"SearchAction\",\"target\":{\"@type\":\"EntryPoint\",\"urlTemplate\":\"https:\\\/\\\/vilamarina.net\\\/hospedagem-idosos\\\/?s={search_term_string}\"},\"query-input\":{\"@type\":\"PropertyValueSpecification\",\"valueRequired\":true,\"valueName\":\"search_term_string\"}}],\"inLanguage\":\"pt-BR\"},{\"@type\":\"Organization\",\"@id\":\"https:\\\/\\\/vilamarina.net\\\/hospedagem-idosos\\\/#organization\",\"name\":\"Vila Marina | Casa de Repouso e Hospedagem para Idosos RJ\",\"url\":\"https:\\\/\\\/vilamarina.net\\\/hospedagem-idosos\\\/\",\"logo\":{\"@type\":\"ImageObject\",\"inLanguage\":\"pt-BR\",\"@id\":\"https:\\\/\\\/vilamarina.net\\\/hospedagem-idosos\\\/#\\\/schema\\\/logo\\\/image\\\/\",\"url\":\"https:\\\/\\\/vilamarina.net\\\/hospedagem-idosos\\\/wp-content\\\/uploads\\\/2021\\\/03\\\/vila-marina-logo.png\",\"contentUrl\":\"https:\\\/\\\/vilamarina.net\\\/hospedagem-idosos\\\/wp-content\\\/uploads\\\/2021\\\/03\\\/vila-marina-logo.png\",\"width\":350,\"height\":215,\"caption\":\"Vila Marina | Casa de Repouso e Hospedagem para Idosos RJ\"},\"image\":{\"@id\":\"https:\\\/\\\/vilamarina.net\\\/hospedagem-idosos\\\/#\\\/schema\\\/logo\\\/image\\\/\"}}]}<\/script>\n<!-- \/ Yoast SEO plugin. -->","yoast_head_json":{"title":"Equipe Multidisciplinar &#8226; Casa de Repouso Tijuca Zona Norte RJ","robots":{"index":"index","follow":"follow","max-snippet":"max-snippet:-1","max-image-preview":"max-image-preview:large","max-video-preview":"max-video-preview:-1"},"canonical":"https:\/\/vilamarina.net\/hospedagem-idosos\/equipe-multidisciplinar\/","og_locale":"pt_BR","og_type":"article","og_title":"Equipe Multidisciplinar &#8226; Casa de Repouso Tijuca Zona Norte RJ","og_description":"Conhe\u00e7a nosso Time Equipe M\u00c9DICO GERIATRA Acompanhamento m\u00e9dico geriatra tr\u00eas vezes por semana. FISIOTERAPEUTAS Tratamento fisioter\u00e1pico individualizado, realizado em um espa\u00e7o dedicado em nossas depend\u00eancias. TERAPIA OCUPACIONAL \/ ARTETERAPIA \/ ATIVIDADES COM M\u00daSICA E MEM\u00d3RIA\/ DAN\u00c7A S\u00caNIOR\/ EDUCA\u00c7\u00c3O F\u00cdSICA \/ YOGA FONOAUDI\u00d3LOGA Profissional respons\u00e1vel pela preven\u00e7\u00e3o, avalia\u00e7\u00e3o, diagn\u00f3stico e tratamento dos transtornos relacionados ao equil\u00edbrio, [&hellip;]","og_url":"https:\/\/vilamarina.net\/hospedagem-idosos\/equipe-multidisciplinar\/","og_site_name":"Vila Marina","article_modified_time":"2024-08-29T15:31:53+00:00","og_image":[{"width":1499,"height":999,"url":"https:\/\/vilamarina.net\/hospedagem-idosos\/wp-content\/uploads\/2022\/07\/Direitos-das-pessoa-idosa.png","type":"image\/png"}],"twitter_card":"summary_large_image","schema":{"@context":"https:\/\/schema.org","@graph":[{"@type":"WebPage","@id":"https:\/\/vilamarina.net\/hospedagem-idosos\/equipe-multidisciplinar\/","url":"https:\/\/vilamarina.net\/hospedagem-idosos\/equipe-multidisciplinar\/","name":"Equipe Multidisciplinar &#8226; Casa de Repouso Tijuca Zona Norte RJ","isPartOf":{"@id":"https:\/\/vilamarina.net\/hospedagem-idosos\/#website"},"primaryImageOfPage":{"@id":"https:\/\/vilamarina.net\/hospedagem-idosos\/equipe-multidisciplinar\/#primaryimage"},"image":{"@id":"https:\/\/vilamarina.net\/hospedagem-idosos\/equipe-multidisciplinar\/#primaryimage"},"thumbnailUrl":"https:\/\/vilamarina.net\/hospedagem-idosos\/wp-content\/uploads\/2022\/07\/Direitos-das-pessoa-idosa.png","datePublished":"2016-12-12T16:56:09+00:00","dateModified":"2024-08-29T15:31:53+00:00","breadcrumb":{"@id":"https:\/\/vilamarina.net\/hospedagem-idosos\/equipe-multidisciplinar\/#breadcrumb"},"inLanguage":"pt-BR","potentialAction":[{"@type":"ReadAction","target":["https:\/\/vilamarina.net\/hospedagem-idosos\/equipe-multidisciplinar\/"]}]},{"@type":"ImageObject","inLanguage":"pt-BR","@id":"https:\/\/vilamarina.net\/hospedagem-idosos\/equipe-multidisciplinar\/#primaryimage","url":"https:\/\/vilamarina.net\/hospedagem-idosos\/wp-content\/uploads\/2022\/07\/Direitos-das-pessoa-idosa.png","contentUrl":"https:\/\/vilamarina.net\/hospedagem-idosos\/wp-content\/uploads\/2022\/07\/Direitos-das-pessoa-idosa.png","width":1499,"height":999},{"@type":"BreadcrumbList","@id":"https:\/\/vilamarina.net\/hospedagem-idosos\/equipe-multidisciplinar\/#breadcrumb","itemListElement":[{"@type":"ListItem","position":1,"name":"In\u00edcio","item":"https:\/\/vilamarina.net\/hospedagem-idosos\/"},{"@type":"ListItem","position":2,"name":"Equipe Multidisciplinar"}]},{"@type":"WebSite","@id":"https:\/\/vilamarina.net\/hospedagem-idosos\/#website","url":"https:\/\/vilamarina.net\/hospedagem-idosos\/","name":"Vila Marina Hospedagem de Idosos","description":"Conhe\u00e7a a Vila Marina, lar e hospedagem para idosos em Vila Isabel. Infraestrutura completa com fisioterapia, nutri\u00e7\u00e3o, musicoterapia e cuidados especializados. Qualidade de vida e seguran\u00e7a para sua fam\u00edlia. Saiba mais!","publisher":{"@id":"https:\/\/vilamarina.net\/hospedagem-idosos\/#organization"},"alternateName":"Vila Marina","potentialAction":[{"@type":"SearchAction","target":{"@type":"EntryPoint","urlTemplate":"https:\/\/vilamarina.net\/hospedagem-idosos\/?s={search_term_string}"},"query-input":{"@type":"PropertyValueSpecification","valueRequired":true,"valueName":"search_term_string"}}],"inLanguage":"pt-BR"},{"@type":"Organization","@id":"https:\/\/vilamarina.net\/hospedagem-idosos\/#organization","name":"Vila Marina | Casa de Repouso e Hospedagem para Idosos RJ","url":"https:\/\/vilamarina.net\/hospedagem-idosos\/","logo":{"@type":"ImageObject","inLanguage":"pt-BR","@id":"https:\/\/vilamarina.net\/hospedagem-idosos\/#\/schema\/logo\/image\/","url":"https:\/\/vilamarina.net\/hospedagem-idosos\/wp-content\/uploads\/2021\/03\/vila-marina-logo.png","contentUrl":"https:\/\/vilamarina.net\/hospedagem-idosos\/wp-content\/uploads\/2021\/03\/vila-marina-logo.png","width":350,"height":215,"caption":"Vila Marina | Casa de Repouso e Hospedagem para Idosos RJ"},"image":{"@id":"https:\/\/vilamarina.net\/hospedagem-idosos\/#\/schema\/logo\/image\/"}}]}},"_links":{"self":[{"href":"https:\/\/vilamarina.net\/hospedagem-idosos\/wp-json\/wp\/v2\/pages\/9712","targetHints":{"allow":["GET"]}}],"collection":[{"href":"https:\/\/vilamarina.net\/hospedagem-idosos\/wp-json\/wp\/v2\/pages"}],"about":[{"href":"https:\/\/vilamarina.net\/hospedagem-idosos\/wp-json\/wp\/v2\/types\/page"}],"author":[{"embeddable":true,"href":"https:\/\/vilamarina.net\/hospedagem-idosos\/wp-json\/wp\/v2\/users\/1"}],"replies":[{"embeddable":true,"href":"https:\/\/vilamarina.net\/hospedagem-idosos\/wp-json\/wp\/v2\/comments?post=9712"}],"version-history":[{"count":0,"href":"https:\/\/vilamarina.net\/hospedagem-idosos\/wp-json\/wp\/v2\/pages\/9712\/revisions"}],"wp:featuredmedia":[{"embeddable":true,"href":"https:\/\/vilamarina.net\/hospedagem-idosos\/wp-json\/wp\/v2\/media\/12398"}],"wp:attachment":[{"href":"https:\/\/vilamarina.net\/hospedagem-idosos\/wp-json\/wp\/v2\/media?parent=9712"}],"curies":[{"name":"wp","href":"https:\/\/api.w.org\/{rel}","templated":true}]}}