{"id":9716,"date":"2016-12-12T17:46:31","date_gmt":"2016-12-12T17:46:31","guid":{"rendered":"https:\/\/vilamarina.net\/hospedagem-idosos\/?page_id=9716"},"modified":"2024-08-20T10:37:01","modified_gmt":"2024-08-20T13:37:01","slug":"hospedagens","status":"publish","type":"page","link":"https:\/\/vilamarina.net\/hospedagem-idosos\/hospedagens\/","title":{"rendered":"Hospedagens"},"content":{"rendered":"\t\t<div data-elementor-type=\"wp-page\" data-elementor-id=\"9716\" class=\"elementor elementor-9716\" data-elementor-post-type=\"page\">\n\t\t\t\t\t\t<section class=\"elementor-section elementor-top-section elementor-element elementor-element-19a43078 elementor-section-boxed elementor-section-height-default elementor-section-height-default\" data-id=\"19a43078\" data-element_type=\"section\" data-e-type=\"section\" data-settings=\"{&quot;background_background&quot;:&quot;classic&quot;}\">\n\t\t\t\t\t\t\t<div class=\"elementor-background-overlay\"><\/div>\n\t\t\t\t\t\t\t<div class=\"elementor-container elementor-column-gap-default\">\n\t\t\t\t\t<div class=\"elementor-column elementor-col-100 elementor-top-column elementor-element elementor-element-54fd5833\" data-id=\"54fd5833\" data-element_type=\"column\" data-e-type=\"column\">\n\t\t\t<div class=\"elementor-widget-wrap elementor-element-populated\">\n\t\t\t\t\t\t<section class=\"elementor-section elementor-inner-section elementor-element elementor-element-263cef52 elementor-section-boxed elementor-section-height-default elementor-section-height-default elementor-invisible\" data-id=\"263cef52\" data-element_type=\"section\" data-e-type=\"section\" data-settings=\"{&quot;animation&quot;:&quot;fadeInUp&quot;}\">\n\t\t\t\t\t\t<div class=\"elementor-container elementor-column-gap-no\">\n\t\t\t\t\t<div class=\"elementor-column elementor-col-100 elementor-inner-column elementor-element elementor-element-473692e9\" data-id=\"473692e9\" data-element_type=\"column\" data-e-type=\"column\">\n\t\t\t<div class=\"elementor-widget-wrap elementor-element-populated\">\n\t\t\t\t\t\t<div class=\"elementor-element elementor-element-371ea25b elementor-widget elementor-widget-heading\" data-id=\"371ea25b\" data-element_type=\"widget\" data-e-type=\"widget\" data-widget_type=\"heading.default\">\n\t\t\t\t\t<h2 class=\"elementor-heading-title elementor-size-default\">Conhe\u00e7a nossas<\/h2>\t\t\t\t<\/div>\n\t\t\t\t<div class=\"elementor-element elementor-element-d67345 elementor-widget elementor-widget-heading\" data-id=\"d67345\" data-element_type=\"widget\" data-e-type=\"widget\" data-widget_type=\"heading.default\">\n\t\t\t\t\t<h2 class=\"elementor-heading-title elementor-size-default\">Hospedagens<\/h2>\t\t\t\t<\/div>\n\t\t\t\t<div class=\"elementor-element elementor-element-55ffa4f7 elementor-widget-divider--separator-type-pattern elementor-widget-divider--no-spacing elementor-widget-divider--view-line elementor-widget elementor-widget-divider\" data-id=\"55ffa4f7\" data-element_type=\"widget\" data-e-type=\"widget\" data-widget_type=\"divider.default\">\n\t\t\t\t\t\t\t<div class=\"elementor-divider\" style=\"--divider-pattern-url: url(&quot;data:image\/svg+xml,%3Csvg xmlns=&#039;http:\/\/www.w3.org\/2000\/svg&#039; preserveAspectRatio=&#039;xMidYMid meet&#039; overflow=&#039;visible&#039; height=&#039;100%&#039; viewBox=&#039;0 0 120 26&#039; fill=&#039;black&#039; stroke=&#039;none&#039;%3E%3Cpolygon points=&#039;0,14.4 0,21 11.5,12.4 21.3,20 30.4,11.1 40.3,20 51,12.4 60.6,20 69.6,11.1 79.3,20 90.1,12.4 99.6,20 109.7,11.1 120,21 120,14.4 109.7,5 99.6,13 90.1,5 79.3,14.5 71,5.7 60.6,12.4 51,5 40.3,14.5 31.1,5 21.3,13 11.5,5 \t&#039;\/%3E%3C\/svg%3E&quot;);\">\n\t\t\t<span class=\"elementor-divider-separator\">\n\t\t\t\t\t\t<\/span>\n\t\t<\/div>\n\t\t\t\t\t\t<\/div>\n\t\t\t\t\t<\/div>\n\t\t<\/div>\n\t\t\t\t\t<\/div>\n\t\t<\/section>\n\t\t\t\t\t<\/div>\n\t\t<\/div>\n\t\t\t\t\t<\/div>\n\t\t<\/section>\n\t\t\t\t<section class=\"elementor-section elementor-top-section elementor-element elementor-element-75710f6 elementor-section-boxed elementor-section-height-default elementor-section-height-default\" data-id=\"75710f6\" data-element_type=\"section\" data-e-type=\"section\">\n\t\t\t\t\t\t<div class=\"elementor-container elementor-column-gap-default\">\n\t\t\t\t\t<div class=\"elementor-column elementor-col-100 elementor-top-column elementor-element elementor-element-3c82cb8\" data-id=\"3c82cb8\" data-element_type=\"column\" data-e-type=\"column\">\n\t\t\t<div class=\"elementor-widget-wrap elementor-element-populated\">\n\t\t\t\t\t\t<div class=\"elementor-element elementor-element-ba17861 elementor-widget elementor-widget-text-editor\" data-id=\"ba17861\" data-element_type=\"widget\" data-e-type=\"widget\" data-widget_type=\"text-editor.default\">\n\t\t\t\t\t\t\t\t\t<p style=\"background-color: #ffffff; margin-bottom: 0px; font-size: 16px; line-height: 22px; color: #888888; font-family: ABeeZee, sans-serif; text-align: justify;\">Oferecemos 3 tipos de\u00a0<a style=\"border: 0px; color: #000000; cursor: pointer;\" href=\"https:\/\/vilamarina.net\/hospedagem-idosos\/wp-content\/uploads\/2017\/01\/Hospedagem-Vila-Marina.pdf\" target=\"_blank\" rel=\"noopener\">hospedagem<\/a>: su\u00edtes individuais, su\u00edtes duplas e su\u00edtes coletivas. Todas com ar condicionado, ventilador de teto, banheiro privativo, mesa de cabeceira e arm\u00e1rios individuais. As su\u00edtes individuais disponibilizam ainda frigobar e televis\u00e3o.<\/p><p style=\"background-color: #ffffff; margin-bottom: 0px; font-size: 16px; line-height: 22px; color: #888888; font-family: ABeeZee, sans-serif;\">\u00a0<\/p><p style=\"background-color: #ffffff; margin-bottom: 0px; font-size: 16px; line-height: 22px; color: #888888; font-family: ABeeZee, sans-serif; text-align: justify;\">A op\u00e7\u00e3o de\u00a0<a style=\"border: 0px; color: #000000; cursor: pointer;\" href=\"https:\/\/vilamarina.net\/hospedagem-idosos\/wp-content\/uploads\/2017\/01\/Day-Care-Vila-Marina.pdf\" target=\"_blank\" rel=\"noopener\">hospedagem Day Care<\/a>\u00a0visa o atendimento ao idoso no per\u00edodo em que seus familiares estejam no trabalho\/compromisso. O idoso \u00e9 acomodado no per\u00edodo da manh\u00e3 e tem sua sa\u00edda no final da tarde, com todo conforto e as mesmas condi\u00e7\u00f5es concedidas aos idosos com hospedagem integral.<\/p>\t\t\t\t\t\t\t\t<\/div>\n\t\t\t\t\t<\/div>\n\t\t<\/div>\n\t\t\t\t\t<\/div>\n\t\t<\/section>\n\t\t\t\t<section class=\"elementor-section elementor-top-section elementor-element elementor-element-a950c02 elementor-section-boxed elementor-section-height-default elementor-section-height-default\" data-id=\"a950c02\" data-element_type=\"section\" data-e-type=\"section\">\n\t\t\t\t\t\t<div class=\"elementor-container elementor-column-gap-default\">\n\t\t\t\t\t<div class=\"elementor-column elementor-col-100 elementor-top-column elementor-element elementor-element-8d5fc74\" data-id=\"8d5fc74\" data-element_type=\"column\" data-e-type=\"column\">\n\t\t\t<div class=\"elementor-widget-wrap elementor-element-populated\">\n\t\t\t\t\t\t<div class=\"elementor-element elementor-element-3411dc2 elementor-widget elementor-widget-gallery\" data-id=\"3411dc2\" data-element_type=\"widget\" data-e-type=\"widget\" data-settings=\"{&quot;columns&quot;:3,&quot;lazyload&quot;:&quot;yes&quot;,&quot;gallery_layout&quot;:&quot;grid&quot;,&quot;columns_tablet&quot;:2,&quot;columns_mobile&quot;:1,&quot;gap&quot;:{&quot;unit&quot;:&quot;px&quot;,&quot;size&quot;:10,&quot;sizes&quot;:[]},&quot;gap_tablet&quot;:{&quot;unit&quot;:&quot;px&quot;,&quot;size&quot;:10,&quot;sizes&quot;:[]},&quot;gap_mobile&quot;:{&quot;unit&quot;:&quot;px&quot;,&quot;size&quot;:10,&quot;sizes&quot;:[]},&quot;link_to&quot;:&quot;file&quot;,&quot;aspect_ratio&quot;:&quot;3:2&quot;,&quot;overlay_background&quot;:&quot;yes&quot;,&quot;content_hover_animation&quot;:&quot;fade-in&quot;}\" data-widget_type=\"gallery.default\">\n\t\t\t\t\t\t\t<div class=\"elementor-gallery__container\">\n\t\t\t\t\t\t\t<a class=\"e-gallery-item elementor-gallery-item elementor-animated-content\" href=\"https:\/\/vilamarina.net\/hospedagem-idosos\/wp-content\/uploads\/2021\/03\/suite-tripla-e1550528163671-254x168-1.jpeg\" data-elementor-open-lightbox=\"yes\" data-elementor-lightbox-slideshow=\"3411dc2\" data-elementor-lightbox-title=\"suite-tripla-e1550528163671-254x168\" data-e-action-hash=\"#elementor-action%3Aaction%3Dlightbox%26settings%3DeyJpZCI6MTE3NTgsInVybCI6Imh0dHBzOlwvXC92aWxhbWFyaW5hLm5ldFwvaG9zcGVkYWdlbS1pZG9zb3NcL3dwLWNvbnRlbnRcL3VwbG9hZHNcLzIwMjFcLzAzXC9zdWl0ZS10cmlwbGEtZTE1NTA1MjgxNjM2NzEtMjU0eDE2OC0xLmpwZWciLCJzbGlkZXNob3ciOiIzNDExZGMyIn0%3D\">\n\t\t\t\t\t<div class=\"e-gallery-image elementor-gallery-item__image\" data-thumbnail=\"https:\/\/vilamarina.net\/hospedagem-idosos\/wp-content\/uploads\/2021\/03\/suite-tripla-e1550528163671-254x168-1.jpeg\" data-width=\"254\" data-height=\"168\" aria-label=\"\" role=\"img\" ><\/div>\n\t\t\t\t\t\t\t\t\t\t\t<div class=\"elementor-gallery-item__overlay\"><\/div>\n\t\t\t\t\t\t\t\t\t\t\t\t\t\t<\/a>\n\t\t\t\t\t\t\t<a class=\"e-gallery-item elementor-gallery-item elementor-animated-content\" href=\"https:\/\/vilamarina.net\/hospedagem-idosos\/wp-content\/uploads\/2021\/03\/suite-individual-e1550528272535-254x168-1.jpeg\" data-elementor-open-lightbox=\"yes\" data-elementor-lightbox-slideshow=\"3411dc2\" data-elementor-lightbox-title=\"suite-individual-e1550528272535-254x168\" data-e-action-hash=\"#elementor-action%3Aaction%3Dlightbox%26settings%3DeyJpZCI6MTE3NTksInVybCI6Imh0dHBzOlwvXC92aWxhbWFyaW5hLm5ldFwvaG9zcGVkYWdlbS1pZG9zb3NcL3dwLWNvbnRlbnRcL3VwbG9hZHNcLzIwMjFcLzAzXC9zdWl0ZS1pbmRpdmlkdWFsLWUxNTUwNTI4MjcyNTM1LTI1NHgxNjgtMS5qcGVnIiwic2xpZGVzaG93IjoiMzQxMWRjMiJ9\">\n\t\t\t\t\t<div class=\"e-gallery-image elementor-gallery-item__image\" data-thumbnail=\"https:\/\/vilamarina.net\/hospedagem-idosos\/wp-content\/uploads\/2021\/03\/suite-individual-e1550528272535-254x168-1.jpeg\" data-width=\"254\" data-height=\"168\" aria-label=\"\" role=\"img\" ><\/div>\n\t\t\t\t\t\t\t\t\t\t\t<div class=\"elementor-gallery-item__overlay\"><\/div>\n\t\t\t\t\t\t\t\t\t\t\t\t\t\t<\/a>\n\t\t\t\t\t\t\t<a class=\"e-gallery-item elementor-gallery-item elementor-animated-content\" href=\"https:\/\/vilamarina.net\/hospedagem-idosos\/wp-content\/uploads\/2021\/03\/suite-dupla-e1550528345458-254x168-1.jpeg\" data-elementor-open-lightbox=\"yes\" data-elementor-lightbox-slideshow=\"3411dc2\" data-elementor-lightbox-title=\"suite-dupla-e1550528345458-254x168\" data-e-action-hash=\"#elementor-action%3Aaction%3Dlightbox%26settings%3DeyJpZCI6MTE3NjAsInVybCI6Imh0dHBzOlwvXC92aWxhbWFyaW5hLm5ldFwvaG9zcGVkYWdlbS1pZG9zb3NcL3dwLWNvbnRlbnRcL3VwbG9hZHNcLzIwMjFcLzAzXC9zdWl0ZS1kdXBsYS1lMTU1MDUyODM0NTQ1OC0yNTR4MTY4LTEuanBlZyIsInNsaWRlc2hvdyI6IjM0MTFkYzIifQ%3D%3D\">\n\t\t\t\t\t<div class=\"e-gallery-image elementor-gallery-item__image\" data-thumbnail=\"https:\/\/vilamarina.net\/hospedagem-idosos\/wp-content\/uploads\/2021\/03\/suite-dupla-e1550528345458-254x168-1.jpeg\" data-width=\"254\" data-height=\"168\" aria-label=\"\" role=\"img\" ><\/div>\n\t\t\t\t\t\t\t\t\t\t\t<div class=\"elementor-gallery-item__overlay\"><\/div>\n\t\t\t\t\t\t\t\t\t\t\t\t\t\t<\/a>\n\t\t\t\t\t<\/div>\n\t\t\t\t\t<\/div>\n\t\t\t\t\t<\/div>\n\t\t<\/div>\n\t\t\t\t\t<\/div>\n\t\t<\/section>\n\t\t\t\t<\/div>\n\t\t","protected":false},"excerpt":{"rendered":"<p>Conhe\u00e7a nossas Hospedagens Oferecemos 3 tipos de\u00a0hospedagem: su\u00edtes individuais, su\u00edtes duplas e su\u00edtes coletivas. Todas com ar condicionado, ventilador de teto, banheiro privativo, mesa de cabeceira e arm\u00e1rios individuais. As su\u00edtes individuais disponibilizam ainda frigobar e televis\u00e3o. A op\u00e7\u00e3o de\u00a0hospedagem Day Care\u00a0visa o atendimento ao idoso no per\u00edodo em que seus familiares estejam no trabalho\/compromisso. [&hellip;]<\/p>\n","protected":false},"author":1,"featured_media":12291,"parent":0,"menu_order":0,"comment_status":"open","ping_status":"open","template":"elementor_header_footer","meta":{"footnotes":""},"class_list":["post-9716","page","type-page","status-publish","has-post-thumbnail","hentry"],"yoast_head":"<!-- This site is optimized with the Yoast SEO plugin v27.4 - https:\/\/yoast.com\/product\/yoast-seo-wordpress\/ -->\n<title>Hospedagens &#8226; Vila Marina &#8226; Casa de Repouso Tijuca Zona Norte RJ<\/title>\n<meta name=\"robots\" content=\"index, follow, max-snippet:-1, max-image-preview:large, max-video-preview:-1\" \/>\n<link rel=\"canonical\" href=\"https:\/\/vilamarina.net\/hospedagem-idosos\/hospedagens\/\" \/>\n<meta property=\"og:locale\" content=\"pt_BR\" \/>\n<meta property=\"og:type\" content=\"article\" \/>\n<meta property=\"og:title\" content=\"Hospedagens &#8226; Vila Marina &#8226; Casa de Repouso Tijuca Zona Norte RJ\" \/>\n<meta property=\"og:description\" content=\"Conhe\u00e7a nossas Hospedagens Oferecemos 3 tipos de\u00a0hospedagem: su\u00edtes individuais, su\u00edtes duplas e su\u00edtes coletivas. Todas com ar condicionado, ventilador de teto, banheiro privativo, mesa de cabeceira e arm\u00e1rios individuais. As su\u00edtes individuais disponibilizam ainda frigobar e televis\u00e3o. A op\u00e7\u00e3o de\u00a0hospedagem Day Care\u00a0visa o atendimento ao idoso no per\u00edodo em que seus familiares estejam no trabalho\/compromisso. [&hellip;]\" \/>\n<meta property=\"og:url\" content=\"https:\/\/vilamarina.net\/hospedagem-idosos\/hospedagens\/\" \/>\n<meta property=\"og:site_name\" content=\"Vila Marina\" \/>\n<meta property=\"article:modified_time\" content=\"2024-08-20T13:37:01+00:00\" \/>\n<meta property=\"og:image\" content=\"https:\/\/vilamarina.net\/hospedagem-idosos\/wp-content\/uploads\/2021\/07\/2020-07-27-08.21.18-1.jpg\" \/>\n\t<meta property=\"og:image:width\" content=\"1537\" \/>\n\t<meta property=\"og:image:height\" content=\"2048\" \/>\n\t<meta property=\"og:image:type\" content=\"image\/jpeg\" \/>\n<meta name=\"twitter:card\" content=\"summary_large_image\" \/>\n<script type=\"application\/ld+json\" class=\"yoast-schema-graph\">{\"@context\":\"https:\\\/\\\/schema.org\",\"@graph\":[{\"@type\":\"WebPage\",\"@id\":\"https:\\\/\\\/vilamarina.net\\\/hospedagem-idosos\\\/hospedagens\\\/\",\"url\":\"https:\\\/\\\/vilamarina.net\\\/hospedagem-idosos\\\/hospedagens\\\/\",\"name\":\"Hospedagens &#8226; Vila Marina &#8226; Casa de Repouso Tijuca Zona Norte RJ\",\"isPartOf\":{\"@id\":\"https:\\\/\\\/vilamarina.net\\\/hospedagem-idosos\\\/#website\"},\"primaryImageOfPage\":{\"@id\":\"https:\\\/\\\/vilamarina.net\\\/hospedagem-idosos\\\/hospedagens\\\/#primaryimage\"},\"image\":{\"@id\":\"https:\\\/\\\/vilamarina.net\\\/hospedagem-idosos\\\/hospedagens\\\/#primaryimage\"},\"thumbnailUrl\":\"https:\\\/\\\/vilamarina.net\\\/hospedagem-idosos\\\/wp-content\\\/uploads\\\/2021\\\/07\\\/2020-07-27-08.21.18-1.jpg\",\"datePublished\":\"2016-12-12T17:46:31+00:00\",\"dateModified\":\"2024-08-20T13:37:01+00:00\",\"breadcrumb\":{\"@id\":\"https:\\\/\\\/vilamarina.net\\\/hospedagem-idosos\\\/hospedagens\\\/#breadcrumb\"},\"inLanguage\":\"pt-BR\",\"potentialAction\":[{\"@type\":\"ReadAction\",\"target\":[\"https:\\\/\\\/vilamarina.net\\\/hospedagem-idosos\\\/hospedagens\\\/\"]}]},{\"@type\":\"ImageObject\",\"inLanguage\":\"pt-BR\",\"@id\":\"https:\\\/\\\/vilamarina.net\\\/hospedagem-idosos\\\/hospedagens\\\/#primaryimage\",\"url\":\"https:\\\/\\\/vilamarina.net\\\/hospedagem-idosos\\\/wp-content\\\/uploads\\\/2021\\\/07\\\/2020-07-27-08.21.18-1.jpg\",\"contentUrl\":\"https:\\\/\\\/vilamarina.net\\\/hospedagem-idosos\\\/wp-content\\\/uploads\\\/2021\\\/07\\\/2020-07-27-08.21.18-1.jpg\",\"width\":1537,\"height\":2048,\"caption\":\"Processed with VSCO with j2 preset\"},{\"@type\":\"BreadcrumbList\",\"@id\":\"https:\\\/\\\/vilamarina.net\\\/hospedagem-idosos\\\/hospedagens\\\/#breadcrumb\",\"itemListElement\":[{\"@type\":\"ListItem\",\"position\":1,\"name\":\"In\u00edcio\",\"item\":\"https:\\\/\\\/vilamarina.net\\\/hospedagem-idosos\\\/\"},{\"@type\":\"ListItem\",\"position\":2,\"name\":\"Hospedagens\"}]},{\"@type\":\"WebSite\",\"@id\":\"https:\\\/\\\/vilamarina.net\\\/hospedagem-idosos\\\/#website\",\"url\":\"https:\\\/\\\/vilamarina.net\\\/hospedagem-idosos\\\/\",\"name\":\"Vila Marina Hospedagem de Idosos\",\"description\":\"Conhe\u00e7a a Vila Marina, lar e hospedagem para idosos em Vila Isabel. Infraestrutura completa com fisioterapia, nutri\u00e7\u00e3o, musicoterapia e cuidados especializados. Qualidade de vida e seguran\u00e7a para sua fam\u00edlia. Saiba mais!\",\"publisher\":{\"@id\":\"https:\\\/\\\/vilamarina.net\\\/hospedagem-idosos\\\/#organization\"},\"alternateName\":\"Vila Marina\",\"potentialAction\":[{\"@type\":\"SearchAction\",\"target\":{\"@type\":\"EntryPoint\",\"urlTemplate\":\"https:\\\/\\\/vilamarina.net\\\/hospedagem-idosos\\\/?s={search_term_string}\"},\"query-input\":{\"@type\":\"PropertyValueSpecification\",\"valueRequired\":true,\"valueName\":\"search_term_string\"}}],\"inLanguage\":\"pt-BR\"},{\"@type\":\"Organization\",\"@id\":\"https:\\\/\\\/vilamarina.net\\\/hospedagem-idosos\\\/#organization\",\"name\":\"Vila Marina | Casa de Repouso e Hospedagem para Idosos RJ\",\"url\":\"https:\\\/\\\/vilamarina.net\\\/hospedagem-idosos\\\/\",\"logo\":{\"@type\":\"ImageObject\",\"inLanguage\":\"pt-BR\",\"@id\":\"https:\\\/\\\/vilamarina.net\\\/hospedagem-idosos\\\/#\\\/schema\\\/logo\\\/image\\\/\",\"url\":\"https:\\\/\\\/vilamarina.net\\\/hospedagem-idosos\\\/wp-content\\\/uploads\\\/2021\\\/03\\\/vila-marina-logo.png\",\"contentUrl\":\"https:\\\/\\\/vilamarina.net\\\/hospedagem-idosos\\\/wp-content\\\/uploads\\\/2021\\\/03\\\/vila-marina-logo.png\",\"width\":350,\"height\":215,\"caption\":\"Vila Marina | Casa de Repouso e Hospedagem para Idosos RJ\"},\"image\":{\"@id\":\"https:\\\/\\\/vilamarina.net\\\/hospedagem-idosos\\\/#\\\/schema\\\/logo\\\/image\\\/\"}}]}<\/script>\n<!-- \/ Yoast SEO plugin. -->","yoast_head_json":{"title":"Hospedagens &#8226; Vila Marina &#8226; Casa de Repouso Tijuca Zona Norte RJ","robots":{"index":"index","follow":"follow","max-snippet":"max-snippet:-1","max-image-preview":"max-image-preview:large","max-video-preview":"max-video-preview:-1"},"canonical":"https:\/\/vilamarina.net\/hospedagem-idosos\/hospedagens\/","og_locale":"pt_BR","og_type":"article","og_title":"Hospedagens &#8226; Vila Marina &#8226; Casa de Repouso Tijuca Zona Norte RJ","og_description":"Conhe\u00e7a nossas Hospedagens Oferecemos 3 tipos de\u00a0hospedagem: su\u00edtes individuais, su\u00edtes duplas e su\u00edtes coletivas. Todas com ar condicionado, ventilador de teto, banheiro privativo, mesa de cabeceira e arm\u00e1rios individuais. As su\u00edtes individuais disponibilizam ainda frigobar e televis\u00e3o. A op\u00e7\u00e3o de\u00a0hospedagem Day Care\u00a0visa o atendimento ao idoso no per\u00edodo em que seus familiares estejam no trabalho\/compromisso. [&hellip;]","og_url":"https:\/\/vilamarina.net\/hospedagem-idosos\/hospedagens\/","og_site_name":"Vila Marina","article_modified_time":"2024-08-20T13:37:01+00:00","og_image":[{"width":1537,"height":2048,"url":"https:\/\/vilamarina.net\/hospedagem-idosos\/wp-content\/uploads\/2021\/07\/2020-07-27-08.21.18-1.jpg","type":"image\/jpeg"}],"twitter_card":"summary_large_image","schema":{"@context":"https:\/\/schema.org","@graph":[{"@type":"WebPage","@id":"https:\/\/vilamarina.net\/hospedagem-idosos\/hospedagens\/","url":"https:\/\/vilamarina.net\/hospedagem-idosos\/hospedagens\/","name":"Hospedagens &#8226; Vila Marina &#8226; Casa de Repouso Tijuca Zona Norte RJ","isPartOf":{"@id":"https:\/\/vilamarina.net\/hospedagem-idosos\/#website"},"primaryImageOfPage":{"@id":"https:\/\/vilamarina.net\/hospedagem-idosos\/hospedagens\/#primaryimage"},"image":{"@id":"https:\/\/vilamarina.net\/hospedagem-idosos\/hospedagens\/#primaryimage"},"thumbnailUrl":"https:\/\/vilamarina.net\/hospedagem-idosos\/wp-content\/uploads\/2021\/07\/2020-07-27-08.21.18-1.jpg","datePublished":"2016-12-12T17:46:31+00:00","dateModified":"2024-08-20T13:37:01+00:00","breadcrumb":{"@id":"https:\/\/vilamarina.net\/hospedagem-idosos\/hospedagens\/#breadcrumb"},"inLanguage":"pt-BR","potentialAction":[{"@type":"ReadAction","target":["https:\/\/vilamarina.net\/hospedagem-idosos\/hospedagens\/"]}]},{"@type":"ImageObject","inLanguage":"pt-BR","@id":"https:\/\/vilamarina.net\/hospedagem-idosos\/hospedagens\/#primaryimage","url":"https:\/\/vilamarina.net\/hospedagem-idosos\/wp-content\/uploads\/2021\/07\/2020-07-27-08.21.18-1.jpg","contentUrl":"https:\/\/vilamarina.net\/hospedagem-idosos\/wp-content\/uploads\/2021\/07\/2020-07-27-08.21.18-1.jpg","width":1537,"height":2048,"caption":"Processed with VSCO with j2 preset"},{"@type":"BreadcrumbList","@id":"https:\/\/vilamarina.net\/hospedagem-idosos\/hospedagens\/#breadcrumb","itemListElement":[{"@type":"ListItem","position":1,"name":"In\u00edcio","item":"https:\/\/vilamarina.net\/hospedagem-idosos\/"},{"@type":"ListItem","position":2,"name":"Hospedagens"}]},{"@type":"WebSite","@id":"https:\/\/vilamarina.net\/hospedagem-idosos\/#website","url":"https:\/\/vilamarina.net\/hospedagem-idosos\/","name":"Vila Marina Hospedagem de Idosos","description":"Conhe\u00e7a a Vila Marina, lar e hospedagem para idosos em Vila Isabel. Infraestrutura completa com fisioterapia, nutri\u00e7\u00e3o, musicoterapia e cuidados especializados. Qualidade de vida e seguran\u00e7a para sua fam\u00edlia. Saiba mais!","publisher":{"@id":"https:\/\/vilamarina.net\/hospedagem-idosos\/#organization"},"alternateName":"Vila Marina","potentialAction":[{"@type":"SearchAction","target":{"@type":"EntryPoint","urlTemplate":"https:\/\/vilamarina.net\/hospedagem-idosos\/?s={search_term_string}"},"query-input":{"@type":"PropertyValueSpecification","valueRequired":true,"valueName":"search_term_string"}}],"inLanguage":"pt-BR"},{"@type":"Organization","@id":"https:\/\/vilamarina.net\/hospedagem-idosos\/#organization","name":"Vila Marina | Casa de Repouso e Hospedagem para Idosos RJ","url":"https:\/\/vilamarina.net\/hospedagem-idosos\/","logo":{"@type":"ImageObject","inLanguage":"pt-BR","@id":"https:\/\/vilamarina.net\/hospedagem-idosos\/#\/schema\/logo\/image\/","url":"https:\/\/vilamarina.net\/hospedagem-idosos\/wp-content\/uploads\/2021\/03\/vila-marina-logo.png","contentUrl":"https:\/\/vilamarina.net\/hospedagem-idosos\/wp-content\/uploads\/2021\/03\/vila-marina-logo.png","width":350,"height":215,"caption":"Vila Marina | Casa de Repouso e Hospedagem para Idosos RJ"},"image":{"@id":"https:\/\/vilamarina.net\/hospedagem-idosos\/#\/schema\/logo\/image\/"}}]}},"_links":{"self":[{"href":"https:\/\/vilamarina.net\/hospedagem-idosos\/wp-json\/wp\/v2\/pages\/9716","targetHints":{"allow":["GET"]}}],"collection":[{"href":"https:\/\/vilamarina.net\/hospedagem-idosos\/wp-json\/wp\/v2\/pages"}],"about":[{"href":"https:\/\/vilamarina.net\/hospedagem-idosos\/wp-json\/wp\/v2\/types\/page"}],"author":[{"embeddable":true,"href":"https:\/\/vilamarina.net\/hospedagem-idosos\/wp-json\/wp\/v2\/users\/1"}],"replies":[{"embeddable":true,"href":"https:\/\/vilamarina.net\/hospedagem-idosos\/wp-json\/wp\/v2\/comments?post=9716"}],"version-history":[{"count":0,"href":"https:\/\/vilamarina.net\/hospedagem-idosos\/wp-json\/wp\/v2\/pages\/9716\/revisions"}],"wp:featuredmedia":[{"embeddable":true,"href":"https:\/\/vilamarina.net\/hospedagem-idosos\/wp-json\/wp\/v2\/media\/12291"}],"wp:attachment":[{"href":"https:\/\/vilamarina.net\/hospedagem-idosos\/wp-json\/wp\/v2\/media?parent=9716"}],"curies":[{"name":"wp","href":"https:\/\/api.w.org\/{rel}","templated":true}]}}